{"id":706,"date":"2022-06-11T16:47:25","date_gmt":"2022-06-11T14:47:25","guid":{"rendered":"https:\/\/www.easyfind.ch\/?page_id=706"},"modified":"2025-01-07T09:40:34","modified_gmt":"2025-01-07T08:40:34","slug":"found-something-2","status":"publish","type":"page","link":"https:\/\/www.easyfind.ch\/en\/etwas-gefunden\/","title":{"rendered":"Found something"},"content":{"rendered":"<div data-elementor-type=\"wp-page\" data-elementor-id=\"706\" class=\"elementor elementor-706\" data-elementor-post-type=\"page\">\n\t\t\t\t<div class=\"elementor-element elementor-element-0f6a41c e-flex e-con-boxed e-con e-parent\" data-id=\"0f6a41c\" data-element_type=\"container\" data-e-type=\"container\">\n\t\t\t\t\t<div class=\"e-con-inner\">\n\t\t<div class=\"elementor-element elementor-element-a3200c2 e-con-full e-flex e-con e-child\" data-id=\"a3200c2\" data-element_type=\"container\" data-e-type=\"container\">\n\t\t\t\t<div class=\"elementor-element elementor-element-d177d80 elementor-widget elementor-widget-heading\" data-id=\"d177d80\" data-element_type=\"widget\" data-e-type=\"widget\" data-widget_type=\"heading.default\">\n\t\t\t\t<div class=\"elementor-widget-container\">\n\t\t\t\t\t<h2 class=\"elementor-heading-title elementor-size-default\">Have you found an object?<\/h2>\t\t\t\t<\/div>\n\t\t\t\t<\/div>\n\t\t\t\t<div class=\"elementor-element elementor-element-38fb340 elementor-widget elementor-widget-text-editor\" data-id=\"38fb340\" data-element_type=\"widget\" data-e-type=\"widget\" data-widget_type=\"text-editor.default\">\n\t\t\t\t<div class=\"elementor-widget-container\">\n\t\t\t\t\t\t\t\t\t<p><b>Found something and want to make sure the owner gets it back quickly? Here's how it works:<\/b><\/p>\n<ul>\n<li>If the found object does not indicate the owner, hand it in at the nearest lost property office or the police.<\/li>\n<li>If you have found the object in an inhabited house or in an establishment serving public use or traffic, give the find to the landlord or the persons entrusted with supervision.<\/li>\n<li>If you find objects on trains or at stations or stops, please hand them in to the staff of the railway (e.g. SBB) or the relevant transport company.<\/li>\n<li>You can find the exact legal regulations in the Civil Code from<a href=\"https:\/\/www.fedlex.admin.ch\/eli\/cc\/24\/233_245_233\/en\" target=\"_blank\" rel=\"noopener\"> Art. 720&nbsp;<\/a>read up.\n<p><b><br>For Liechtenstein, the following laws apply to finders:<\/b><\/p>\n<p style=\"margin-right: 0px; margin-bottom: 20px; margin-left: 0px; padding: 0px; border: 0px; outline: 0px; background-image: initial; background-position: initial; background-size: initial; background-repeat: initial; background-attachment: initial; background-origin: initial; background-clip: initial;\"><u>Art. 191 Property law<br><\/u><span style=\"background-color: transparent; text-align: var(--text-align);\">If the owner of a lost property cannot be determined, the finder acquires the lost property after five years.<\/span><\/p>\n<p style=\"margin-right: 0px; margin-bottom: 20px; margin-left: 0px; padding: 0px; border: 0px; outline: 0px; background-image: initial; background-position: initial; background-size: initial; background-repeat: initial; background-attachment: initial; background-origin: initial; background-clip: initial;\">If the item is returned to the owner, the finder is entitled to compensation for all expenses as well as a finder's reward.<br>In the event of a find in an inhabited house or in an institution serving public use or traffic, the owner of the house, the tenant or the institution shall be deemed to be the finder, but shall not be entitled to a finder's reward.<\/p>\n<p style=\"margin-right: 0px; margin-bottom: 20px; margin-left: 0px; padding: 0px; border: 0px; outline: 0px; background-image: initial; background-position: initial; background-size: initial; background-repeat: initial; background-attachment: initial; background-origin: initial; background-clip: initial;\"><u>Art. 69 Ordinance on the Law of Property<br><\/u><span style=\"background-color: transparent; text-align: var(--text-align);\">The finder's fee is 10% of the value of the lost property.<\/span><\/p>\n<\/li>\n<\/ul>\t\t\t\t\t\t\t\t<\/div>\n\t\t\t\t<\/div>\n\t\t\t\t<\/div>\n\t\t<div class=\"elementor-element elementor-element-e7d2489 e-con-full e-flex e-con e-child\" data-id=\"e7d2489\" data-element_type=\"container\" data-e-type=\"container\">\n\t\t<div class=\"elementor-element elementor-element-5f68ff7 e-con-full e-flex e-con e-child\" data-id=\"5f68ff7\" data-element_type=\"container\" data-e-type=\"container\" data-settings=\"{&quot;background_background&quot;:&quot;classic&quot;}\">\n\t\t\t\t<div class=\"elementor-element elementor-element-951953d elementor-widget__width-auto elementor-widget elementor-widget-text-editor\" data-id=\"951953d\" data-element_type=\"widget\" data-e-type=\"widget\" data-widget_type=\"text-editor.default\">\n\t\t\t\t<div class=\"elementor-widget-container\">\n\t\t\t\t\t\t\t\t\t<p>Information for lost property offices<\/p>\t\t\t\t\t\t\t\t<\/div>\n\t\t\t\t<\/div>\n\t\t\t\t<div class=\"elementor-element elementor-element-664e95b elementor-widget elementor-widget-button\" data-id=\"664e95b\" data-element_type=\"widget\" data-e-type=\"widget\" data-widget_type=\"button.default\">\n\t\t\t\t<div class=\"elementor-widget-container\">\n\t\t\t\t\t\t\t\t\t<div class=\"elementor-button-wrapper\">\n\t\t\t\t\t<a class=\"elementor-button elementor-button-link elementor-size-sm\" href=\"https:\/\/www.easyfind.ch\/en\/nova-find\/\">\n\t\t\t\t\t\t<span class=\"elementor-button-content-wrapper\">\n\t\t\t\t\t\t<span class=\"elementor-button-icon\">\n\t\t\t\t<svg xmlns=\"http:\/\/www.w3.org\/2000\/svg\" tabindex=\"0\" viewbox=\"0 0 15.944 14.981\"><path d=\"M.75 6.741h14.444a.75.75 0 0 1 .75.75.75.75 0 0 1-.75.75H.75a.75.75 0 0 1-.75-.75.75.75 0 0 1 .75-.75Z\" class=\"a\"><\/path><path d=\"M8.453.001a.748.748 0 0 1 .53.22l6.741 6.74a.75.75 0 0 1 0 1.061l-6.74 6.74a.75.75 0 0 1-1.061 0 .75.75 0 0 1 0-1.061l6.21-6.21-6.21-6.21a.75.75 0 0 1 .53-1.28Z\" class=\"a\"><\/path><\/svg>\t\t\t<\/span>\n\t\t\t\t\t\t\t\t\t<span class=\"elementor-button-text\">Read more<\/span>\n\t\t\t\t\t<\/span>\n\t\t\t\t\t<\/a>\n\t\t\t\t<\/div>\n\t\t\t\t\t\t\t\t<\/div>\n\t\t\t\t<\/div>\n\t\t\t\t<\/div>\n\t\t\t\t<\/div>\n\t\t\t\t\t<\/div>\n\t\t\t\t<\/div>\n\t\t<div class=\"elementor-element elementor-element-fd8923c e-flex e-con-boxed e-con e-parent\" data-id=\"fd8923c\" data-element_type=\"container\" data-e-type=\"container\" data-settings=\"{&quot;background_background&quot;:&quot;classic&quot;}\">\n\t\t\t\t\t<div class=\"e-con-inner\">\n\t\t\t\t<div class=\"elementor-element elementor-element-4b2db7e elementor-widget elementor-widget-heading\" data-id=\"4b2db7e\" data-element_type=\"widget\" data-e-type=\"widget\" data-widget_type=\"heading.default\">\n\t\t\t\t<div class=\"elementor-widget-container\">\n\t\t\t\t\t<h2 class=\"elementor-heading-title elementor-size-default\">Lost property offices near you<\/h2>\t\t\t\t<\/div>\n\t\t\t\t<\/div>\n\t\t\t\t<div class=\"elementor-element elementor-element-0f946b0 elementor-widget elementor-widget-google_maps\" data-id=\"0f946b0\" data-element_type=\"widget\" data-e-type=\"widget\" data-widget_type=\"google_maps.default\">\n\t\t\t\t<div class=\"elementor-widget-container\">\n\t\t\t\t\t\t\t<div class=\"elementor-custom-embed\">\n\t\t\t<iframe loading=\"lazy\"\n\t\t\t\t\tsrc=\"https:\/\/maps.google.com\/maps?q=Fundamt&#038;t=m&#038;z=10&#038;output=embed&#038;iwloc=near\"\n\t\t\t\t\ttitle=\"Lost property office\"\n\t\t\t\t\taria-label=\"Lost property office\"\n\t\t\t><\/iframe>\n\t\t<\/div>\n\t\t\t\t\t\t<\/div>\n\t\t\t\t<\/div>\n\t\t\t\t\t<\/div>\n\t\t\t\t<\/div>\n\t\t\t\t<\/div>","protected":false},"excerpt":{"rendered":"<p>Anderen Gegenstand gefunden? Sie haben etwas gefunden und m\u00f6chten daf\u00fcr sorgen, dass der\/die Eigent\u00fcmer:in es schnell zur\u00fcckbekommt? So funktioniert\u2019s: Liefert der gefundene Gegenstand keinen Hinweis auf den\/die Eigent\u00fcmer:in, geben Sie diesen beim n\u00e4chstgelegenen Fundb\u00fcro oder der Polizei ab. Haben Sie den Gegenstand in einem bewohnten Haus oder in einer dem \u00f6ffentlichen Gebrauch oder Verkehr dienenden [&hellip;]<\/p>\n","protected":false},"author":1,"featured_media":0,"parent":0,"menu_order":0,"comment_status":"closed","ping_status":"closed","template":"elementor_header_footer","meta":{"footnotes":""},"class_list":["post-706","page","type-page","status-publish","hentry"],"_links":{"self":[{"href":"https:\/\/www.easyfind.ch\/en\/wp-json\/wp\/v2\/pages\/706","targetHints":{"allow":["GET"]}}],"collection":[{"href":"https:\/\/www.easyfind.ch\/en\/wp-json\/wp\/v2\/pages"}],"about":[{"href":"https:\/\/www.easyfind.ch\/en\/wp-json\/wp\/v2\/types\/page"}],"author":[{"embeddable":true,"href":"https:\/\/www.easyfind.ch\/en\/wp-json\/wp\/v2\/users\/1"}],"replies":[{"embeddable":true,"href":"https:\/\/www.easyfind.ch\/en\/wp-json\/wp\/v2\/comments?post=706"}],"version-history":[{"count":30,"href":"https:\/\/www.easyfind.ch\/en\/wp-json\/wp\/v2\/pages\/706\/revisions"}],"predecessor-version":[{"id":1700,"href":"https:\/\/www.easyfind.ch\/en\/wp-json\/wp\/v2\/pages\/706\/revisions\/1700"}],"wp:attachment":[{"href":"https:\/\/www.easyfind.ch\/en\/wp-json\/wp\/v2\/media?parent=706"}],"curies":[{"name":"wp","href":"https:\/\/api.w.org\/{rel}","templated":true}]}}