{"id":1073,"date":"2022-09-10T19:16:43","date_gmt":"2022-09-10T17:16:43","guid":{"rendered":"https:\/\/www.easyfind.ch\/?page_id=1073"},"modified":"2025-09-03T15:16:58","modified_gmt":"2025-09-03T13:16:58","slug":"nova-find","status":"publish","type":"page","link":"https:\/\/www.easyfind.ch\/fr\/nova-find\/","title":{"rendered":"Easyfind by Nova Find"},"content":{"rendered":"<div data-elementor-type=\"wp-page\" data-elementor-id=\"1073\" class=\"elementor elementor-1073\" data-elementor-post-type=\"page\">\n\t\t\t\t<div class=\"elementor-element elementor-element-fd7bba1 e-flex e-con-boxed e-con e-parent\" data-id=\"fd7bba1\" data-element_type=\"container\" data-e-type=\"container\">\n\t\t\t\t\t<div class=\"e-con-inner\">\n\t\t<div class=\"elementor-element elementor-element-45df1fd e-con-full e-flex e-con e-child\" data-id=\"45df1fd\" data-element_type=\"container\" data-e-type=\"container\">\n\t\t\t\t<div class=\"elementor-element elementor-element-520cefd elementor-widget elementor-widget-heading\" data-id=\"520cefd\" data-element_type=\"widget\" data-e-type=\"widget\" data-widget_type=\"heading.default\">\n\t\t\t\t<div class=\"elementor-widget-container\">\n\t\t\t\t\t<h1 class=\"elementor-heading-title elementor-size-default\">Nova Find<\/h1>\t\t\t\t<\/div>\n\t\t\t\t<\/div>\n\t\t\t\t<div class=\"elementor-element elementor-element-8b005b4 elementor-widget elementor-widget-text-editor\" data-id=\"8b005b4\" data-element_type=\"widget\" data-e-type=\"widget\" data-widget_type=\"text-editor.default\">\n\t\t\t\t<div class=\"elementor-widget-container\">\n\t\t\t\t\t\t\t\t\t<p>Avec le logiciel pour objets trouv\u00e9s Nova Find, vous offrez \u00e0 vos citoyens, passagers et collaborateurs un service moderne de haut niveau. L'accent est mis sur une technologie de recherche sophistiqu\u00e9e, des taux de retour \u00e9lev\u00e9s, une gestion simple des objets trouv\u00e9s, des co\u00fbts de communication r\u00e9duits et des temps de conservation courts pour r\u00e9duire les co\u00fbts de stockage. Mais avant tout : une recherche en ligne en r\u00e9seau dans toutes les bases de donn\u00e9es participantes.<\/p>\t\t\t\t\t\t\t\t<\/div>\n\t\t\t\t<\/div>\n\t\t\t\t<\/div>\n\t\t<div class=\"elementor-element elementor-element-1c955e3 e-con-full e-flex e-con e-child\" data-id=\"1c955e3\" data-element_type=\"container\" data-e-type=\"container\">\n\t\t\t\t<div class=\"elementor-element elementor-element-f718bea elementor-widget elementor-widget-image\" data-id=\"f718bea\" data-element_type=\"widget\" data-e-type=\"widget\" data-widget_type=\"image.default\">\n\t\t\t\t<div class=\"elementor-widget-container\">\n\t\t\t\t\t\t\t\t\t\t\t\t\t\t\t\t<a href=\"https:\/\/www.nova-find.eu\" target=\"_blank\" rel=\"noopener\">\n\t\t\t\t\t\t\t<img decoding=\"async\" width=\"180\" height=\"32\" src=\"https:\/\/www.easyfind.ch\/wp-content\/uploads\/2024\/04\/nova-find-logo-1.svg\" class=\"attachment-full size-full wp-image-1509\" alt=\"Logo Nova Find\" \/>\t\t\t\t\t\t\t\t<\/a>\n\t\t\t\t\t\t\t\t\t\t\t\t\t\t\t<\/div>\n\t\t\t\t<\/div>\n\t\t\t\t<\/div>\n\t\t\t\t\t<\/div>\n\t\t\t\t<\/div>\n\t\t<div class=\"elementor-element elementor-element-658f1c2 e-flex e-con-boxed e-con e-parent\" data-id=\"658f1c2\" data-element_type=\"container\" data-e-type=\"container\" data-settings=\"{&quot;background_background&quot;:&quot;classic&quot;}\">\n\t\t\t\t\t<div class=\"e-con-inner\">\n\t\t<div class=\"elementor-element elementor-element-5d7dc26 e-con-full e-flex e-con e-child\" data-id=\"5d7dc26\" data-element_type=\"container\" data-e-type=\"container\" data-settings=\"{&quot;background_background&quot;:&quot;classic&quot;}\">\n\t\t<div class=\"elementor-element elementor-element-cf8f692 e-flex e-con-boxed e-con e-child\" data-id=\"cf8f692\" data-element_type=\"container\" data-e-type=\"container\">\n\t\t\t\t\t<div class=\"e-con-inner\">\n\t\t\t\t<div class=\"elementor-element elementor-element-c41503b elementor-widget elementor-widget-image\" data-id=\"c41503b\" data-element_type=\"widget\" data-e-type=\"widget\" data-widget_type=\"image.default\">\n\t\t\t\t<div class=\"elementor-widget-container\">\n\t\t\t\t\t\t\t\t\t\t\t\t\t\t\t<img decoding=\"async\" src=\"https:\/\/www.easyfind.ch\/wp-content\/uploads\/2022\/09\/7-and-stars.svg\" class=\"attachment-full size-full wp-image-1094\" alt=\"7\" \/>\t\t\t\t\t\t\t\t\t\t\t\t\t\t\t<\/div>\n\t\t\t\t<\/div>\n\t\t\t\t\t<\/div>\n\t\t\t\t<\/div>\n\t\t\t\t<div class=\"elementor-element elementor-element-5d57e85 elementor-widget__width-auto elementor-widget elementor-widget-text-editor\" data-id=\"5d57e85\" data-element_type=\"widget\" data-e-type=\"widget\" data-widget_type=\"text-editor.default\">\n\t\t\t\t<div class=\"elementor-widget-container\">\n\t\t\t\t\t\t\t\t\t<p>D\u00e9j\u00e0 utilis\u00e9 dans sept pays europ\u00e9ens : notre service des objets trouv\u00e9s.<\/p>\t\t\t\t\t\t\t\t<\/div>\n\t\t\t\t<\/div>\n\t\t\t\t<\/div>\n\t\t<div class=\"elementor-element elementor-element-a497cf2 e-con-full e-flex e-con e-child\" data-id=\"a497cf2\" data-element_type=\"container\" data-e-type=\"container\" data-settings=\"{&quot;background_background&quot;:&quot;classic&quot;}\">\n\t\t<div class=\"elementor-element elementor-element-ead5b0d e-flex e-con-boxed e-con e-child\" data-id=\"ead5b0d\" data-element_type=\"container\" data-e-type=\"container\">\n\t\t\t\t\t<div class=\"e-con-inner\">\n\t\t\t\t<div class=\"elementor-element elementor-element-5df689a elementor-widget elementor-widget-image\" data-id=\"5df689a\" data-element_type=\"widget\" data-e-type=\"widget\" data-widget_type=\"image.default\">\n\t\t\t\t<div class=\"elementor-widget-container\">\n\t\t\t\t\t\t\t\t\t\t\t\t\t\t\t<img decoding=\"async\" src=\"https:\/\/www.easyfind.ch\/wp-content\/uploads\/2022\/09\/magnifier-red.svg\" class=\"attachment-full size-full wp-image-1028\" alt=\"\ud83d\udd0d\" \/>\t\t\t\t\t\t\t\t\t\t\t\t\t\t\t<\/div>\n\t\t\t\t<\/div>\n\t\t\t\t<div class=\"elementor-element elementor-element-06d815a elementor-widget__width-auto elementor-widget elementor-widget-text-editor\" data-id=\"06d815a\" data-element_type=\"widget\" data-e-type=\"widget\" data-widget_type=\"text-editor.default\">\n\t\t\t\t<div class=\"elementor-widget-container\">\n\t\t\t\t\t\t\t\t\t<p>+2.500<\/p>\t\t\t\t\t\t\t\t<\/div>\n\t\t\t\t<\/div>\n\t\t\t\t\t<\/div>\n\t\t\t\t<\/div>\n\t\t\t\t<div class=\"elementor-element elementor-element-b7740c3 elementor-widget__width-auto elementor-widget elementor-widget-text-editor\" data-id=\"b7740c3\" data-element_type=\"widget\" data-e-type=\"widget\" data-widget_type=\"text-editor.default\">\n\t\t\t\t<div class=\"elementor-widget-container\">\n\t\t\t\t\t\t\t\t\t<p>Les bureaux des objets trouv\u00e9s en Europe utilisent le service des objets trouv\u00e9s de Nova Find.<\/p>\t\t\t\t\t\t\t\t<\/div>\n\t\t\t\t<\/div>\n\t\t\t\t<\/div>\n\t\t<div class=\"elementor-element elementor-element-65e1ded e-con-full e-flex e-con e-child\" data-id=\"65e1ded\" data-element_type=\"container\" data-e-type=\"container\" data-settings=\"{&quot;background_background&quot;:&quot;classic&quot;}\">\n\t\t<div class=\"elementor-element elementor-element-9a2892d e-flex e-con-boxed e-con e-child\" data-id=\"9a2892d\" data-element_type=\"container\" data-e-type=\"container\">\n\t\t\t\t\t<div class=\"e-con-inner\">\n\t\t\t\t<div class=\"elementor-element elementor-element-9e674bf elementor-widget elementor-widget-image\" data-id=\"9e674bf\" data-element_type=\"widget\" data-e-type=\"widget\" data-widget_type=\"image.default\">\n\t\t\t\t<div class=\"elementor-widget-container\">\n\t\t\t\t\t\t\t\t\t\t\t\t\t\t\t<img decoding=\"async\" src=\"https:\/\/www.easyfind.ch\/wp-content\/uploads\/2022\/09\/passengers.svg\" class=\"attachment-full size-full wp-image-1095\" alt=\"\ud83e\uddf3\" \/>\t\t\t\t\t\t\t\t\t\t\t\t\t\t\t<\/div>\n\t\t\t\t<\/div>\n\t\t\t\t<div class=\"elementor-element elementor-element-618f865 elementor-widget__width-auto elementor-widget elementor-widget-text-editor\" data-id=\"618f865\" data-element_type=\"widget\" data-e-type=\"widget\" data-widget_type=\"text-editor.default\">\n\t\t\t\t<div class=\"elementor-widget-container\">\n\t\t\t\t\t\t\t\t\t<p>30 millions<\/p>\t\t\t\t\t\t\t\t<\/div>\n\t\t\t\t<\/div>\n\t\t\t\t\t<\/div>\n\t\t\t\t<\/div>\n\t\t\t\t<div class=\"elementor-element elementor-element-c69076a elementor-widget__width-auto elementor-widget elementor-widget-text-editor\" data-id=\"c69076a\" data-element_type=\"widget\" data-e-type=\"widget\" data-widget_type=\"text-editor.default\">\n\t\t\t\t<div class=\"elementor-widget-container\">\n\t\t\t\t\t\t\t\t\t<p>citoyens utilisent nos services.<\/p>\t\t\t\t\t\t\t\t<\/div>\n\t\t\t\t<\/div>\n\t\t\t\t<\/div>\n\t\t\t\t\t<\/div>\n\t\t\t\t<\/div>\n\t\t<div class=\"elementor-element elementor-element-b79d5fa e-flex e-con-boxed e-con e-parent\" data-id=\"b79d5fa\" data-element_type=\"container\" data-e-type=\"container\">\n\t\t\t\t\t<div class=\"e-con-inner\">\n\t\t<div class=\"elementor-element elementor-element-82d65eb e-con-full e-flex e-con e-child\" data-id=\"82d65eb\" data-element_type=\"container\" data-e-type=\"container\">\n\t\t\t\t<div class=\"elementor-element elementor-element-9b2d204 elementor-widget elementor-widget-heading\" data-id=\"9b2d204\" data-element_type=\"widget\" data-e-type=\"widget\" data-widget_type=\"heading.default\">\n\t\t\t\t<div class=\"elementor-widget-container\">\n\t\t\t\t\t<h2 class=\"elementor-heading-title elementor-size-default\">Comment \u00e7a fonctionne ?<\/h2>\t\t\t\t<\/div>\n\t\t\t\t<\/div>\n\t\t\t\t<div class=\"elementor-element elementor-element-39aad13 elementor-widget elementor-widget-text-editor\" data-id=\"39aad13\" data-element_type=\"widget\" data-e-type=\"widget\" data-widget_type=\"text-editor.default\">\n\t\t\t\t<div class=\"elementor-widget-container\">\n\t\t\t\t\t\t\t\t\t<p>Plus de 2 500 bureaux des objets trouv\u00e9s en Europe font partie du plus grand r\u00e9seau de services des objets trouv\u00e9s europ\u00e9en. Des villes, des communes et des organisations comme le SBB et bien d'autres rendent la recherche en r\u00e9seau possible pour vous.<\/p><p>Gr\u00e2ce \u00e0 Nova Find, les objets retrouvent leur propri\u00e9taire.<\/p>\t\t\t\t\t\t\t\t<\/div>\n\t\t\t\t<\/div>\n\t\t\t\t<\/div>\n\t\t<div class=\"elementor-element elementor-element-beed66e e-con-full e-flex e-con e-child\" data-id=\"beed66e\" data-element_type=\"container\" data-e-type=\"container\" data-settings=\"{&quot;background_background&quot;:&quot;classic&quot;}\">\n\t\t\t\t<div class=\"elementor-element elementor-element-a802f60 elementor-widget elementor-widget-image\" data-id=\"a802f60\" data-element_type=\"widget\" data-e-type=\"widget\" data-widget_type=\"image.default\">\n\t\t\t\t<div class=\"elementor-widget-container\">\n\t\t\t\t\t\t\t\t\t\t\t\t\t\t\t\t<a href=\"https:\/\/youtu.be\/3GR1KeDl1Hs\" target=\"_blank\" rel=\"noopener\">\n\t\t\t\t\t\t\t<img fetchpriority=\"high\" decoding=\"async\" width=\"800\" height=\"451\" src=\"https:\/\/www.easyfind.ch\/wp-content\/uploads\/2024\/08\/online-bureau-des-objets-video.png\" class=\"attachment-large size-large wp-image-1127\" alt=\"Novafinda sur YouTube\" sizes=\"(max-width: 800px) 100vw, 800px\" \/>\t\t\t\t\t\t\t\t<\/a>\n\t\t\t\t\t\t\t\t\t\t\t\t\t\t\t<\/div>\n\t\t\t\t<\/div>\n\t\t\t\t<\/div>\n\t\t\t\t\t<\/div>\n\t\t\t\t<\/div>\n\t\t<div class=\"elementor-element elementor-element-806163a e-flex e-con-boxed e-con e-parent\" data-id=\"806163a\" data-element_type=\"container\" data-e-type=\"container\" data-settings=\"{&quot;background_background&quot;:&quot;classic&quot;}\">\n\t\t\t\t\t<div class=\"e-con-inner\">\n\t\t<div class=\"elementor-element elementor-element-95d4a5b e-flex e-con-boxed e-con e-child\" data-id=\"95d4a5b\" data-element_type=\"container\" data-e-type=\"container\" data-settings=\"{&quot;background_background&quot;:&quot;classic&quot;}\">\n\t\t\t\t\t<div class=\"e-con-inner\">\n\t\t\t\t<div class=\"elementor-element elementor-element-c33e09a elementor-widget elementor-widget-image\" data-id=\"c33e09a\" data-element_type=\"widget\" data-e-type=\"widget\" data-widget_type=\"image.default\">\n\t\t\t\t<div class=\"elementor-widget-container\">\n\t\t\t\t\t\t\t\t\t\t\t\t\t\t\t<img decoding=\"async\" width=\"400\" height=\"68\" src=\"https:\/\/www.easyfind.ch\/wp-content\/uploads\/2024\/06\/digitale-verwaltung-schweiz-logo.svg\" class=\"attachment-full size-full wp-image-1525\" alt=\"Logo de l&#039;administration num\u00e9rique suisse\" \/>\t\t\t\t\t\t\t\t\t\t\t\t\t\t\t<\/div>\n\t\t\t\t<\/div>\n\t\t\t\t<div class=\"elementor-element elementor-element-3b5cd62 elementor-widget elementor-widget-heading\" data-id=\"3b5cd62\" data-element_type=\"widget\" data-e-type=\"widget\" data-widget_type=\"heading.default\">\n\t\t\t\t<div class=\"elementor-widget-container\">\n\t\t\t\t\t<h2 class=\"elementor-heading-title elementor-size-default\">Informations sur le contrat avec l'administration num\u00e9rique suisse\n <\/h2>\t\t\t\t<\/div>\n\t\t\t\t<\/div>\n\t\t\t\t<div class=\"elementor-element elementor-element-c5fdf21 elementor-widget elementor-widget-text-editor\" data-id=\"c5fdf21\" data-element_type=\"widget\" data-e-type=\"widget\" data-widget_type=\"text-editor.default\">\n\t\t\t\t<div class=\"elementor-widget-container\">\n\t\t\t\t\t\t\t\t\t<p>Les t\u00e2ches de la Conf\u00e9rence suisse sur l'informatique (CSI) seront assum\u00e9es par l'Administration num\u00e9rique suisse (ADS) \u00e0 partir de septembre 2024.<\/p>\n<p>Gr\u00e2ce au contrat-cadre DVS, les prix sont calcul\u00e9s en fonction du nombre d'habitants. Actuellement, le prix est de 61 CHF\/ 1.000 habitants - mais au moins 305 CHF. Pour une offre concr\u00e8te, contactez notre \u00e9quipe !<\/p>\t\t\t\t\t\t\t\t<\/div>\n\t\t\t\t<\/div>\n\t\t\t\t<div class=\"elementor-element elementor-element-d5d97fb elementor-widget elementor-widget-button\" data-id=\"d5d97fb\" data-element_type=\"widget\" data-e-type=\"widget\" data-widget_type=\"button.default\">\n\t\t\t\t<div class=\"elementor-widget-container\">\n\t\t\t\t\t\t\t\t\t<div class=\"elementor-button-wrapper\">\n\t\t\t\t\t<a class=\"elementor-button elementor-button-link elementor-size-sm\" href=\"https:\/\/www.easyfind.ch\/kontakt\/\">\n\t\t\t\t\t\t<span class=\"elementor-button-content-wrapper\">\n\t\t\t\t\t\t<span class=\"elementor-button-icon\">\n\t\t\t\t<svg xmlns=\"http:\/\/www.w3.org\/2000\/svg\" tabindex=\"0\" viewbox=\"0 0 15.944 14.981\"><path d=\"M.75 6.741h14.444a.75.75 0 0 1 .75.75.75.75 0 0 1-.75.75H.75a.75.75 0 0 1-.75-.75.75.75 0 0 1 .75-.75Z\" class=\"a\"><\/path><path d=\"M8.453.001a.748.748 0 0 1 .53.22l6.741 6.74a.75.75 0 0 1 0 1.061l-6.74 6.74a.75.75 0 0 1-1.061 0 .75.75 0 0 1 0-1.061l6.21-6.21-6.21-6.21a.75.75 0 0 1 .53-1.28Z\" class=\"a\"><\/path><\/svg>\t\t\t<\/span>\n\t\t\t\t\t\t\t\t\t<span class=\"elementor-button-text\">Contact<\/span>\n\t\t\t\t\t<\/span>\n\t\t\t\t\t<\/a>\n\t\t\t\t<\/div>\n\t\t\t\t\t\t\t\t<\/div>\n\t\t\t\t<\/div>\n\t\t\t\t\t<\/div>\n\t\t\t\t<\/div>\n\t\t\t\t\t<\/div>\n\t\t\t\t<\/div>\n\t\t<div class=\"elementor-element elementor-element-6d5d3ac e-flex e-con-boxed e-con e-parent\" data-id=\"6d5d3ac\" data-element_type=\"container\" data-e-type=\"container\" data-settings=\"{&quot;background_background&quot;:&quot;classic&quot;}\">\n\t\t\t\t\t<div class=\"e-con-inner\">\n\t\t<div class=\"elementor-element elementor-element-50c2a1b e-flex e-con-boxed e-con e-child\" data-id=\"50c2a1b\" data-element_type=\"container\" data-e-type=\"container\" data-settings=\"{&quot;background_background&quot;:&quot;classic&quot;}\">\n\t\t\t\t\t<div class=\"e-con-inner\">\n\t\t\t\t<div class=\"elementor-element elementor-element-659ae0f elementor-widget elementor-widget-heading\" data-id=\"659ae0f\" data-element_type=\"widget\" data-e-type=\"widget\" data-widget_type=\"heading.default\">\n\t\t\t\t<div class=\"elementor-widget-container\">\n\t\t\t\t\t<h2 class=\"elementor-heading-title elementor-size-default\">Nova Find pour \nEntreprises de transport<\/h2>\t\t\t\t<\/div>\n\t\t\t\t<\/div>\n\t\t\t\t<div class=\"elementor-element elementor-element-e8267d0 elementor-widget elementor-widget-text-editor\" data-id=\"e8267d0\" data-element_type=\"widget\" data-e-type=\"widget\" data-widget_type=\"text-editor.default\">\n\t\t\t\t<div class=\"elementor-widget-container\">\n\t\t\t\t\t\t\t\t\t<p>Nous sommes le \u21161 en Lost &amp; Found pour les entreprises de transport<br \/>Avec le logiciel pour objets trouv\u00e9s Nova Find, vous offrez \u00e0 vos passagers et \u00e0 vos collaborateurs un service de haut niveau.<\/p>\t\t\t\t\t\t\t\t<\/div>\n\t\t\t\t<\/div>\n\t\t\t\t<div class=\"elementor-element elementor-element-9746a5e elementor-widget elementor-widget-button\" data-id=\"9746a5e\" data-element_type=\"widget\" data-e-type=\"widget\" data-widget_type=\"button.default\">\n\t\t\t\t<div class=\"elementor-widget-container\">\n\t\t\t\t\t\t\t\t\t<div class=\"elementor-button-wrapper\">\n\t\t\t\t\t<a class=\"elementor-button elementor-button-link elementor-size-sm\" href=\"https:\/\/www.nova-find.eu\/transport\/\" target=\"_blank\" rel=\"noopener\">\n\t\t\t\t\t\t<span class=\"elementor-button-content-wrapper\">\n\t\t\t\t\t\t<span class=\"elementor-button-icon\">\n\t\t\t\t<svg xmlns=\"http:\/\/www.w3.org\/2000\/svg\" tabindex=\"0\" viewbox=\"0 0 15.944 14.981\"><path d=\"M.75 6.741h14.444a.75.75 0 0 1 .75.75.75.75 0 0 1-.75.75H.75a.75.75 0 0 1-.75-.75.75.75 0 0 1 .75-.75Z\" class=\"a\"><\/path><path d=\"M8.453.001a.748.748 0 0 1 .53.22l6.741 6.74a.75.75 0 0 1 0 1.061l-6.74 6.74a.75.75 0 0 1-1.061 0 .75.75 0 0 1 0-1.061l6.21-6.21-6.21-6.21a.75.75 0 0 1 .53-1.28Z\" class=\"a\"><\/path><\/svg>\t\t\t<\/span>\n\t\t\t\t\t\t\t\t\t<span class=\"elementor-button-text\">En savoir plus<\/span>\n\t\t\t\t\t<\/span>\n\t\t\t\t\t<\/a>\n\t\t\t\t<\/div>\n\t\t\t\t\t\t\t\t<\/div>\n\t\t\t\t<\/div>\n\t\t\t\t\t<\/div>\n\t\t\t\t<\/div>\n\t\t\t\t\t<\/div>\n\t\t\t\t<\/div>\n\t\t<div class=\"elementor-element elementor-element-1e48264 e-flex e-con-boxed e-con e-parent\" data-id=\"1e48264\" data-element_type=\"container\" data-e-type=\"container\">\n\t\t\t\t\t<div class=\"e-con-inner\">\n\t\t<div class=\"elementor-element elementor-element-a97212e e-con-full e-flex e-con e-child\" data-id=\"a97212e\" data-element_type=\"container\" data-e-type=\"container\" data-settings=\"{&quot;background_background&quot;:&quot;classic&quot;}\">\n\t\t\t\t<div class=\"elementor-element elementor-element-76773f3 elementor-widget__width-auto elementor-widget elementor-widget-text-editor\" data-id=\"76773f3\" data-element_type=\"widget\" data-e-type=\"widget\" data-widget_type=\"text-editor.default\">\n\t\t\t\t<div class=\"elementor-widget-container\">\n\t\t\t\t\t\t\t\t\t<p>Droit des objets trouv\u00e9s : extrait du Code civil suisse<\/p>\t\t\t\t\t\t\t\t<\/div>\n\t\t\t\t<\/div>\n\t\t\t\t<div class=\"elementor-element elementor-element-69bf7c1 elementor-widget elementor-widget-button\" data-id=\"69bf7c1\" data-element_type=\"widget\" data-e-type=\"widget\" data-widget_type=\"button.default\">\n\t\t\t\t<div class=\"elementor-widget-container\">\n\t\t\t\t\t\t\t\t\t<div class=\"elementor-button-wrapper\">\n\t\t\t\t\t<a class=\"elementor-button elementor-button-link elementor-size-lg\" href=\"\/fundrecht\">\n\t\t\t\t\t\t<span class=\"elementor-button-content-wrapper\">\n\t\t\t\t\t\t<span class=\"elementor-button-icon\">\n\t\t\t\t<svg xmlns=\"http:\/\/www.w3.org\/2000\/svg\" tabindex=\"0\" viewbox=\"0 0 15.944 14.981\"><path d=\"M.75 6.741h14.444a.75.75 0 0 1 .75.75.75.75 0 0 1-.75.75H.75a.75.75 0 0 1-.75-.75.75.75 0 0 1 .75-.75Z\" class=\"a\"><\/path><path d=\"M8.453.001a.748.748 0 0 1 .53.22l6.741 6.74a.75.75 0 0 1 0 1.061l-6.74 6.74a.75.75 0 0 1-1.061 0 .75.75 0 0 1 0-1.061l6.21-6.21-6.21-6.21a.75.75 0 0 1 .53-1.28Z\" class=\"a\"><\/path><\/svg>\t\t\t<\/span>\n\t\t\t\t\t\t\t\t\t<span class=\"elementor-button-text\">Lire la suite<\/span>\n\t\t\t\t\t<\/span>\n\t\t\t\t\t<\/a>\n\t\t\t\t<\/div>\n\t\t\t\t\t\t\t\t<\/div>\n\t\t\t\t<\/div>\n\t\t\t\t<\/div>\n\t\t<div class=\"elementor-element elementor-element-248559b e-con-full e-flex e-con e-child\" data-id=\"248559b\" data-element_type=\"container\" data-e-type=\"container\" data-settings=\"{&quot;background_background&quot;:&quot;classic&quot;}\">\n\t\t\t\t<div class=\"elementor-element elementor-element-4845b65 elementor-widget__width-auto elementor-widget elementor-widget-text-editor\" data-id=\"4845b65\" data-element_type=\"widget\" data-e-type=\"widget\" data-widget_type=\"text-editor.default\">\n\t\t\t\t<div class=\"elementor-widget-container\">\n\t\t\t\t\t\t\t\t\t<p>Le podcast sur les objets trouv\u00e9s et perdus<\/p>\t\t\t\t\t\t\t\t<\/div>\n\t\t\t\t<\/div>\n\t\t\t\t<div class=\"elementor-element elementor-element-0381966 elementor-widget elementor-widget-button\" data-id=\"0381966\" data-element_type=\"widget\" data-e-type=\"widget\" data-widget_type=\"button.default\">\n\t\t\t\t<div class=\"elementor-widget-container\">\n\t\t\t\t\t\t\t\t\t<div class=\"elementor-button-wrapper\">\n\t\t\t\t\t<a class=\"elementor-button elementor-button-link elementor-size-lg\" href=\"https:\/\/www.nova-find.eu\/unser-service\/podcast\/\" target=\"_blank\" rel=\"noopener\">\n\t\t\t\t\t\t<span class=\"elementor-button-content-wrapper\">\n\t\t\t\t\t\t<span class=\"elementor-button-icon\">\n\t\t\t\t<svg xmlns=\"http:\/\/www.w3.org\/2000\/svg\" tabindex=\"0\" viewbox=\"0 0 15.944 14.981\"><path d=\"M.75 6.741h14.444a.75.75 0 0 1 .75.75.75.75 0 0 1-.75.75H.75a.75.75 0 0 1-.75-.75.75.75 0 0 1 .75-.75Z\" class=\"a\"><\/path><path d=\"M8.453.001a.748.748 0 0 1 .53.22l6.741 6.74a.75.75 0 0 1 0 1.061l-6.74 6.74a.75.75 0 0 1-1.061 0 .75.75 0 0 1 0-1.061l6.21-6.21-6.21-6.21a.75.75 0 0 1 .53-1.28Z\" class=\"a\"><\/path><\/svg>\t\t\t<\/span>\n\t\t\t\t\t\t\t\t\t<span class=\"elementor-button-text\">Lire la suite<\/span>\n\t\t\t\t\t<\/span>\n\t\t\t\t\t<\/a>\n\t\t\t\t<\/div>\n\t\t\t\t\t\t\t\t<\/div>\n\t\t\t\t<\/div>\n\t\t\t\t<\/div>\n\t\t\t\t\t<\/div>\n\t\t\t\t<\/div>\n\t\t\t\t<\/div>","protected":false},"excerpt":{"rendered":"<p>Nova Find Mit der Fundb\u00fcro-Software Nova Find bieten Sie Ihren B\u00fcrger:innen, Passagier:innen und Mitarbeiter:innen ein zeitgem\u00e4\u00dfes Service auf h\u00f6chstem Niveau. Im Mittelpunkt stehen eine ausgefeilte Suchtechnologie, hohe R\u00fcckgabequoten, einfache Verwaltung der Fundgegenst\u00e4nde, verringerte Kommunikationskosten und kurze Aufbewahrungszeiten zur Reduktion von Lagerkosten. Vor allem aber: vernetzte Online-Suche in allen teilnehmenden Datenbanken. Sieben europ\u00e4ische L\u00e4nder nutzen bereits [&hellip;]<\/p>\n","protected":false},"author":1,"featured_media":0,"parent":0,"menu_order":0,"comment_status":"closed","ping_status":"closed","template":"","meta":{"footnotes":""},"class_list":["post-1073","page","type-page","status-publish","hentry"],"_links":{"self":[{"href":"https:\/\/www.easyfind.ch\/fr\/wp-json\/wp\/v2\/pages\/1073","targetHints":{"allow":["GET"]}}],"collection":[{"href":"https:\/\/www.easyfind.ch\/fr\/wp-json\/wp\/v2\/pages"}],"about":[{"href":"https:\/\/www.easyfind.ch\/fr\/wp-json\/wp\/v2\/types\/page"}],"author":[{"embeddable":true,"href":"https:\/\/www.easyfind.ch\/fr\/wp-json\/wp\/v2\/users\/1"}],"replies":[{"embeddable":true,"href":"https:\/\/www.easyfind.ch\/fr\/wp-json\/wp\/v2\/comments?post=1073"}],"version-history":[{"count":71,"href":"https:\/\/www.easyfind.ch\/fr\/wp-json\/wp\/v2\/pages\/1073\/revisions"}],"predecessor-version":[{"id":1774,"href":"https:\/\/www.easyfind.ch\/fr\/wp-json\/wp\/v2\/pages\/1073\/revisions\/1774"}],"wp:attachment":[{"href":"https:\/\/www.easyfind.ch\/fr\/wp-json\/wp\/v2\/media?parent=1073"}],"curies":[{"name":"wp","href":"https:\/\/api.w.org\/{rel}","templated":true}]}}