{"id":3,"date":"2022-05-10T09:36:38","date_gmt":"2022-05-10T07:36:38","guid":{"rendered":"https:\/\/www.easyfind.ch\/?page_id=3"},"modified":"2025-01-10T11:46:24","modified_gmt":"2025-01-10T10:46:24","slug":"protection-des-donnees-2","status":"publish","type":"page","link":"https:\/\/www.easyfind.ch\/fr\/datenschutz\/","title":{"rendered":"Protection des donn\u00e9es"},"content":{"rendered":"<p>La protection de votre vie priv\u00e9e et de vos donn\u00e9es personnelles nous tient particuli\u00e8rement \u00e0 c\u0153ur. Dans les sections suivantes, vous serez inform\u00e9 de toutes les op\u00e9rations de traitement des donn\u00e9es qui ont lieu sur notre site web.<\/p>\n\n\n\n<h2 class=\"wp-block-heading\">Qui est responsable du traitement de vos donn\u00e9es ?<\/h2>\n\n\n\n<p>Toutes les donn\u00e9es trait\u00e9es dans le cadre de votre visite sur notre site web sont sous la responsabilit\u00e9 de :<\/p>\n\n\n\n<p><strong>RUBICON IT GmbH<\/strong><br>16, rue Gonza<br>1010 Vienne<br>Autriche<\/p>\n\n\n\n<p>e-mail&nbsp;<a href=\"mailto:datenschutz@rubicon.eu\">datenschutz@rubicon.eu<\/a><\/p>\n\n\n\n<p>Num\u00e9ro de registre du commerce : 615231b<br>Tribunal de commerce: Handelsgericht Wien<br>UID : ATU80745589<\/p>\n\n\n\n<h2 class=\"wp-block-heading\">Quelles sont les donn\u00e9es trait\u00e9es ?<\/h2>\n\n\n\n<p>Les sections suivantes vous donnent un aper\u00e7u des donn\u00e9es personnelles que nous traitons sur notre site web et de la base juridique du traitement.<\/p>\n\n\n\n<h3 class=\"wp-block-heading\">D\u00e9clarations de perte<\/h3>\n\n\n\n<p>Lorsque vous enregistrez une d\u00e9claration de perte, vous nous transmettez des donn\u00e9es \u00e0 caract\u00e8re personnel que nous traitons exclusivement \u00e0 des fins d'ex\u00e9cution de la prestation :<\/p>\n\n\n\n<ul class=\"wp-block-list\">\n<li>Pr\u00e9nom et nom de famille<\/li>\n\n\n\n<li>Adresse<\/li>\n\n\n\n<li>Courriel<\/li>\n\n\n\n<li>Langue pr\u00e9f\u00e9r\u00e9e<\/li>\n\n\n\n<li>Num\u00e9ro de t\u00e9l\u00e9phone (facultatif)<\/li>\n\n\n\n<li>Informations d\u00e9taill\u00e9es sur l'objet de la perte contenant des donn\u00e9es \u00e0 caract\u00e8re personnel (par ex. date\/ann\u00e9e de naissance, num\u00e9ro de carte d'identit\u00e9, num\u00e9ro de carte de retrait, num\u00e9ro de s\u00e9curit\u00e9 sociale, ...)<\/li>\n<\/ul>\n\n\n\n<p>Un \u00e9l\u00e9ment essentiel de la prestation est la transmission de vos donn\u00e9es aux services publics des objets trouv\u00e9s en Allemagne (communes, villes). Ceux-ci ne peuvent utiliser les donn\u00e9es que pour remplir les t\u00e2ches l\u00e9gales d'un bureau des objets trouv\u00e9s, pour vous informer de la d\u00e9couverte et vous remettre l'objet.<\/p>\n\n\n\n<p>Si vous avez donn\u00e9 votre accord, vos donn\u00e9es seront \u00e9galement transmises \u00e0 des organisations priv\u00e9es de services des objets trouv\u00e9s (p. ex. entreprises de transport et a\u00e9roports) et aux services des objets trouv\u00e9s d'autres pays europ\u00e9ens. Ces organisations ou autorit\u00e9s ne peuvent utiliser les donn\u00e9es que pour vous informer de la d\u00e9couverte et vous remettre l'objet. &nbsp;<\/p>\n\n\n\n<p>Conform\u00e9ment \u00e0 l'article 6, paragraphe 1, points a et b du RGPD, les donn\u00e9es sont conserv\u00e9es pendant 12 mois \u00e0 ces fins.<\/p>\n\n\n\n<h3 class=\"wp-block-heading\">Fichiers journaux du serveur<\/h3>\n\n\n\n<p>Afin de garantir la s\u00e9curit\u00e9 et la fonctionnalit\u00e9 de nos sites web, nous devons collecter et \u00e9valuer les donn\u00e9es d'acc\u00e8s (site web visit\u00e9, heure d'acc\u00e8s, navigateur, syst\u00e8me d'exploitation, adresse IP). En cas d'incident de s\u00e9curit\u00e9, ces donn\u00e9es sont utilis\u00e9es pour d\u00e9terminer et \u00e9liminer la cause. Les donn\u00e9es sont conserv\u00e9es \u00e0 cette fin pendant 12 mois, conform\u00e9ment \u00e0 l'article 6, paragraphe 1, lettre f, du RGPD.<\/p>\n\n\n\n<h3 class=\"wp-block-heading\">Formulaires de contact<\/h3>\n\n\n\n<p>Dans le cadre du traitement de votre demande de renseignements sur nos produits, nous traitons les donn\u00e9es que vous nous fournissez dans le formulaire de contact. Si votre demande concerne \u00e9galement les produits de nos partenaires, vos donn\u00e9es peuvent \u00eatre transmises \u00e0 ces derniers afin de r\u00e9pondre \u00e0 votre demande. Dans ce cas, le traitement est bas\u00e9 sur l'article 6 (1) lit b et f RGPD, car il sert \u00e0 initier un contrat avec nous et est dans notre int\u00e9r\u00eat l\u00e9gitime. Vos donn\u00e9es seront conserv\u00e9es aussi longtemps que n\u00e9cessaire pour traiter votre demande.<\/p>\n\n\n\n<h2 class=\"wp-block-heading\">Cookies<\/h2>\n\n\n\n<p>Notre site web utilise des cookies. Il s'agit de petits fichiers texte qui sont stock\u00e9s sur votre terminal \u00e0 l'aide du navigateur. Il existe deux principaux types de cookies : les cookies techniquement n\u00e9cessaires, qui sont requis pour le fonctionnement d'un site web et les cookies techniquement non n\u00e9cessaires, qui collectent des statistiques d'utilisation, par exemple. Les cookies techniquement n\u00e9cessaires sont automatiquement stock\u00e9s sur votre ordinateur ou votre appareil car dans notre int\u00e9r\u00eat l\u00e9gitime, les cookies techniquement non n\u00e9cessaires n\u00e9cessitent votre consentement.<\/p>\n\n\n\n<p>Notre site web n'utilise que des cookies techniquement n\u00e9cessaires:<\/p>\n\n\n\n<figure class=\"wp-block-table\"><table><tbody><tr><td><strong>nom<\/strong><\/td><td><strong>Objectif<\/strong><\/td><td><strong>Dure\u00e9 du stockage<\/strong><\/td><\/tr><tr><td>pll_language<\/td><td>Ce cookie enregistre vos pr\u00e9f\u00e9rences linguistiques<\/td><td>1 ann\u00e9e<\/td><\/tr><\/tbody><\/table><\/figure>\n\n\n\n<p><\/p>\n\n\n\n<h2 class=\"wp-block-heading\">Vos droits<\/h2>\n\n\n\n<p>Si nous traitons des donn\u00e9es personnelles vous concernant, vous disposez des droits suivants en vertu de la l\u00e9gislation europ\u00e9enne et autrichienne applicable en mati\u00e8re de protection des donn\u00e9es :<\/p>\n\n\n\n<ul class=\"wp-block-list\">\n<li>Informations<\/li>\n\n\n\n<li>Rectification<\/li>\n\n\n\n<li>Suppression<\/li>\n\n\n\n<li>Restriction du traitement<\/li>\n\n\n\n<li>Transfert des donn\u00e9es<\/li>\n\n\n\n<li>Objection<\/li>\n<\/ul>\n\n\n\n<p>Si vous estimez que le traitement de vos donn\u00e9es est contraire \u00e0 la protection des donn\u00e9es, vous \u00eates libre de d\u00e9poser une plainte aupr\u00e8s de l'autorit\u00e9 autrichienne charg\u00e9e de la protection des donn\u00e9es (Barichgasse 40-42, 1030 Vienna, telephone: +43 1 52 152-0, email:&nbsp;<a href=\"mailto:dsb@dsb.gv.at\">dsb@dsb.gv.at<\/a>)<\/p>","protected":false},"excerpt":{"rendered":"<p>Der Schutz Ihrer Privatsph\u00e4re und Ihrer personenbezogenen Daten ist uns ein besonderes Anliegen. In den folgenden Abschnitten werden Sie \u00fcber alle Datenverarbeitungsvorg\u00e4nge informiert, die auf unserer Webseite stattfinden. Wer ist f\u00fcr die Verarbeitung Ihrer Daten zust\u00e4ndig? F\u00fcr s\u00e4mtliche Daten, welche im Zuge Ihres Besuches auf unserer Website verarbeitet werden, ist RUBICON IT GmbH zust\u00e4ndig: RUBICON [&hellip;]<\/p>\n","protected":false},"author":1,"featured_media":0,"parent":0,"menu_order":0,"comment_status":"closed","ping_status":"closed","template":"","meta":{"footnotes":""},"class_list":["post-3","page","type-page","status-publish","hentry"],"_links":{"self":[{"href":"https:\/\/www.easyfind.ch\/fr\/wp-json\/wp\/v2\/pages\/3","targetHints":{"allow":["GET"]}}],"collection":[{"href":"https:\/\/www.easyfind.ch\/fr\/wp-json\/wp\/v2\/pages"}],"about":[{"href":"https:\/\/www.easyfind.ch\/fr\/wp-json\/wp\/v2\/types\/page"}],"author":[{"embeddable":true,"href":"https:\/\/www.easyfind.ch\/fr\/wp-json\/wp\/v2\/users\/1"}],"replies":[{"embeddable":true,"href":"https:\/\/www.easyfind.ch\/fr\/wp-json\/wp\/v2\/comments?post=3"}],"version-history":[{"count":5,"href":"https:\/\/www.easyfind.ch\/fr\/wp-json\/wp\/v2\/pages\/3\/revisions"}],"predecessor-version":[{"id":1709,"href":"https:\/\/www.easyfind.ch\/fr\/wp-json\/wp\/v2\/pages\/3\/revisions\/1709"}],"wp:attachment":[{"href":"https:\/\/www.easyfind.ch\/fr\/wp-json\/wp\/v2\/media?parent=3"}],"curies":[{"name":"wp","href":"https:\/\/api.w.org\/{rel}","templated":true}]}}