{"id":461,"date":"2022-06-10T12:53:42","date_gmt":"2022-06-10T10:53:42","guid":{"rendered":"https:\/\/www.easyfind.ch\/?page_id=461"},"modified":"2024-02-28T09:42:46","modified_gmt":"2024-02-28T08:42:46","slug":"droit-des-fonds-2","status":"publish","type":"page","link":"https:\/\/www.easyfind.ch\/fr\/fundrecht\/","title":{"rendered":"le Code civil suisse."},"content":{"rendered":"<div data-elementor-type=\"wp-page\" data-elementor-id=\"461\" class=\"elementor elementor-461\" data-elementor-post-type=\"page\">\n\t\t\t\t<div class=\"elementor-element elementor-element-306a87c6 e-flex e-con-boxed e-con e-parent\" data-id=\"306a87c6\" data-element_type=\"container\" data-e-type=\"container\">\n\t\t\t\t\t<div class=\"e-con-inner\">\n\t\t\t\t<div class=\"elementor-element elementor-element-4868d54c elementor-widget elementor-widget-text-editor\" data-id=\"4868d54c\" data-element_type=\"widget\" data-e-type=\"widget\" data-widget_type=\"text-editor.default\">\n\t\t\t\t<div class=\"elementor-widget-container\">\n\t\t\t\t\t\t\t\t\t<h2 style=\"font-weight: 400;\"><strong>Code civil suisse<\/strong><\/h2><p>\u00a0<\/p><p style=\"font-weight: 400;\"><strong>CC Art. 720 Fonds<\/strong><\/p><ol style=\"font-weight: 400;\"><li>Celui qui trouve une chose perdue doit en informer le propri\u00e9taire et, s'il ne le conna\u00eet pas, soit aviser la police de la d\u00e9couverte, soit faire lui-m\u00eame une publicit\u00e9 et une demande appropri\u00e9es aux circonstances.<\/li><li>Il est tenu d'informer la police si la valeur de l'objet d\u00e9passe manifestement 10 francs.<\/li><li>Celui qui trouve une chose dans une maison habit\u00e9e ou dans un \u00e9tablissement servant \u00e0 l'usage ou \u00e0 la circulation publics doit la remettre au ma\u00eetre de la maison, au locataire ou aux personnes charg\u00e9es de la surveiller.<\/li><\/ol><p>\u00a0<\/p><p style=\"font-weight: 400;\"><strong>CC Art. 722 Acquisition de la propri\u00e9t\u00e9, restitution<\/strong><\/p><ol style=\"font-weight: 400;\"><li>Celui qui remplit ses obligations de d\u00e9couvreur acquiert, si pendant cinq ans \u00e0 compter de la publication ou de l'annonce, le droit de propri\u00e9t\u00e9.<\/li><li>Si l'objet est restitu\u00e9, la personne qui l'a trouv\u00e9 a droit au remboursement de tous ses frais ainsi qu'\u00e0 une r\u00e9mun\u00e9ration \u00e9quitable.<\/li><li>En cas de d\u00e9couverte dans une maison habit\u00e9e ou dans un \u00e9tablissement servant \u00e0 l'usage ou \u00e0 la circulation publics, le ma\u00eetre de la maison, le locataire ou l'\u00e9tablissement est consid\u00e9r\u00e9 comme ayant trouv\u00e9 l'objet, mais il n'a pas droit \u00e0 une r\u00e9mun\u00e9ration.<\/li><\/ol><p>\u00a0<\/p><p style=\"font-weight: 400;\"><strong>Ordonnance sur le transport de voyageurs Art. 77<\/strong><\/p><p style=\"font-weight: 400;\"><strong style=\"text-align: var(--text-align); font-family: var( --e-global-typography-text-font-family ), Sans-serif;\">Section 3 Objets trouv\u00e9s<\/strong><\/p><ol style=\"font-weight: 400;\"><li>Toute personne qui trouve un objet perdu sur le territoire d'une entreprise ou dans un v\u00e9hicule doit le remettre imm\u00e9diatement au personnel.<\/li><li>L'entreprise est consid\u00e9r\u00e9e comme ayant trouv\u00e9 l'objet, mais ne peut pas pr\u00e9tendre \u00e0 une r\u00e9mun\u00e9ration de d\u00e9couvreur.<\/li><li>L'entreprise doit pr\u00e9venir la personne qui a perdu l'objet, si elle la conna\u00eet, et conserver l'objet trouv\u00e9 de mani\u00e8re appropri\u00e9e.<\/li><li>Apr\u00e8s avoir conserv\u00e9 l'objet trouv\u00e9 pendant trois mois, l'entreprise peut le vendre aux ench\u00e8res. La vente aux ench\u00e8res doit \u00eatre rendue publique. Les objets trouv\u00e9s dont la valeur v\u00e9nale ne d\u00e9passe pas 50 francs peuvent \u00eatre vendus aux ench\u00e8res ou de gr\u00e9 \u00e0 gr\u00e9 d\u00e8s l'expiration d'un mois. Le produit de la vente se substitue \u00e0 l'objet.<\/li><li>Les objets trouv\u00e9s qui n\u00e9cessitent un entretien co\u00fbteux ou qui sont expos\u00e9s \u00e0 une d\u00e9t\u00e9rioration rapide peuvent \u00eatre vendus imm\u00e9diatement. Le produit de la vente se substitue \u00e0 l'objet.<\/li><\/ol><p>\u00a0<\/p><p style=\"font-weight: 400;\"><strong>Ordonnance sur les documents d'identit\u00e9 des ressortissants suisses<\/strong><\/p><p style=\"font-weight: 400;\"><strong>Art. 24 Documents d'identit\u00e9 perdus et retrouv\u00e9s<\/strong><\/p><ol style=\"font-weight: 400;\"><li>La perte d'un laissez-passer au sens de l'article 22 entra\u00eene sa nullit\u00e9. La carte d'identit\u00e9 ne peut pas \u00eatre r\u00e9utilis\u00e9e.<\/li><li>Une carte d'identit\u00e9 retrouv\u00e9e ne peut pas \u00eatre rembours\u00e9e ; elle doit \u00eatre remise \u00e0 l'autorit\u00e9 qui l'a d\u00e9livr\u00e9e. Celle-ci la rendra inutilisable.<\/li><\/ol><p style=\"font-weight: 400;\">\u00a0<\/p><p style=\"font-weight: 400;\">Remarque : le titulaire d'une carte d'identit\u00e9 doit signaler toute perte de celle-ci \u00e0 la police locale d\u00e8s qu'il la constate. La perte d'une pi\u00e8ce d'identit\u00e9 (vol, perte ou destruction totale) entra\u00eene sa nullit\u00e9.<\/p>\t\t\t\t\t\t\t\t<\/div>\n\t\t\t\t<\/div>\n\t\t\t\t\t<\/div>\n\t\t\t\t<\/div>\n\t\t\t\t<\/div>","protected":false},"excerpt":{"rendered":"<p>Schweizerisches Zivilgesetzbuch \u00a0 ZGB Art. 720 Fund Wer eine verlorene Sache findet, hat den Eigent\u00fcmer davon zu benachrichtigen und, wenn er ihn nicht kennt, entweder der Polizei den Fund anzuzeigen oder selbst f\u00fcr eine den Umst\u00e4nden angemessene Bekanntmachung und Nachfrage zu sorgen. Zur Anzeige an die Polizei ist er verpflichtet, wenn der Wert der Sache [&hellip;]<\/p>\n","protected":false},"author":1,"featured_media":0,"parent":0,"menu_order":0,"comment_status":"closed","ping_status":"closed","template":"","meta":{"footnotes":""},"class_list":["post-461","page","type-page","status-publish","hentry"],"_links":{"self":[{"href":"https:\/\/www.easyfind.ch\/fr\/wp-json\/wp\/v2\/pages\/461","targetHints":{"allow":["GET"]}}],"collection":[{"href":"https:\/\/www.easyfind.ch\/fr\/wp-json\/wp\/v2\/pages"}],"about":[{"href":"https:\/\/www.easyfind.ch\/fr\/wp-json\/wp\/v2\/types\/page"}],"author":[{"embeddable":true,"href":"https:\/\/www.easyfind.ch\/fr\/wp-json\/wp\/v2\/users\/1"}],"replies":[{"embeddable":true,"href":"https:\/\/www.easyfind.ch\/fr\/wp-json\/wp\/v2\/comments?post=461"}],"version-history":[{"count":10,"href":"https:\/\/www.easyfind.ch\/fr\/wp-json\/wp\/v2\/pages\/461\/revisions"}],"predecessor-version":[{"id":1398,"href":"https:\/\/www.easyfind.ch\/fr\/wp-json\/wp\/v2\/pages\/461\/revisions\/1398"}],"wp:attachment":[{"href":"https:\/\/www.easyfind.ch\/fr\/wp-json\/wp\/v2\/media?parent=461"}],"curies":[{"name":"wp","href":"https:\/\/api.w.org\/{rel}","templated":true}]}}