{"id":706,"date":"2022-06-11T16:47:25","date_gmt":"2022-06-11T14:47:25","guid":{"rendered":"https:\/\/www.easyfind.ch\/?page_id=706"},"modified":"2025-01-07T09:40:34","modified_gmt":"2025-01-07T08:40:34","slug":"trouve-quelque-chose-2","status":"publish","type":"page","link":"https:\/\/www.easyfind.ch\/fr\/etwas-gefunden\/","title":{"rendered":"Trouv\u00e9 qqch"},"content":{"rendered":"<div data-elementor-type=\"wp-page\" data-elementor-id=\"706\" class=\"elementor elementor-706\" data-elementor-post-type=\"page\">\n\t\t\t\t<div class=\"elementor-element elementor-element-0f6a41c e-flex e-con-boxed e-con e-parent\" data-id=\"0f6a41c\" data-element_type=\"container\" data-e-type=\"container\">\n\t\t\t\t\t<div class=\"e-con-inner\">\n\t\t<div class=\"elementor-element elementor-element-a3200c2 e-con-full e-flex e-con e-child\" data-id=\"a3200c2\" data-element_type=\"container\" data-e-type=\"container\">\n\t\t\t\t<div class=\"elementor-element elementor-element-d177d80 elementor-widget elementor-widget-heading\" data-id=\"d177d80\" data-element_type=\"widget\" data-e-type=\"widget\" data-widget_type=\"heading.default\">\n\t\t\t\t<div class=\"elementor-widget-container\">\n\t\t\t\t\t<h2 class=\"elementor-heading-title elementor-size-default\">Vous avez trouv\u00e9 un objet?<\/h2>\t\t\t\t<\/div>\n\t\t\t\t<\/div>\n\t\t\t\t<div class=\"elementor-element elementor-element-38fb340 elementor-widget elementor-widget-text-editor\" data-id=\"38fb340\" data-element_type=\"widget\" data-e-type=\"widget\" data-widget_type=\"text-editor.default\">\n\t\t\t\t<div class=\"elementor-widget-container\">\n\t\t\t\t\t\t\t\t\t<p><b>Vous avez trouv\u00e9 quelque chose et vous voulez vous assurer que le propri\u00e9taire le r\u00e9cup\u00e8re rapidement ? Voici comment cela fonctionne :<\/b><\/p>\n<ul>\n<li>Si l'objet trouv\u00e9 ne permet pas d'identifier son propri\u00e9taire, remettez-le au bureau des objets trouv\u00e9s le plus proche ou \u00e0 la police.<\/li>\n<li>Si vous avez trouv\u00e9 l'objet dans une maison habit\u00e9e ou dans un \u00e9tablissement servant \u00e0 l'usage ou au trafic public, remettez l'objet trouv\u00e9 au ma\u00eetre de maison ou aux personnes charg\u00e9es de la surveillance.<\/li>\n<li>Si vous trouvez des objets dans les trains ou dans les gares ou arr\u00eats, veuillez les remettre au personnel des chemins de fer (p. ex. CFF) ou de l'entreprise de transport concern\u00e9e.<\/li>\n<li>Vous pouvez consulter les dispositions l\u00e9gales exactes dans le Code civil \u00e0 partir de<a href=\"https:\/\/www.fedlex.admin.ch\/eli\/cc\/24\/233_245_233\/fr\" target=\"_blank\" rel=\"noopener\"> Art. 720&nbsp;<\/a>sur le sujet.\n<p><b><br>Pour le Liechtenstein, les lois suivantes s'appliquent aux trouveurs :<\/b><\/p>\n<p style=\"margin-right: 0px; margin-bottom: 20px; margin-left: 0px; padding: 0px; border: 0px; outline: 0px; background-image: initial; background-position: initial; background-size: initial; background-repeat: initial; background-attachment: initial; background-origin: initial; background-clip: initial;\"><u>Art. 191 Droits r\u00e9els<br><\/u><span style=\"background-color: transparent; text-align: var(--text-align);\">Si le propri\u00e9taire d'un objet trouv\u00e9 ne peut \u00eatre identifi\u00e9, la personne qui l'a trouv\u00e9 l'acquiert \u00e0 l'expiration d'un d\u00e9lai de cinq ans.<\/span><\/p>\n<p style=\"margin-right: 0px; margin-bottom: 20px; margin-left: 0px; padding: 0px; border: 0px; outline: 0px; background-image: initial; background-position: initial; background-size: initial; background-repeat: initial; background-attachment: initial; background-origin: initial; background-clip: initial;\">Si l'objet est restitu\u00e9 \u00e0 son propri\u00e9taire, la personne qui l'a trouv\u00e9 a droit au remboursement de toutes les d\u00e9penses ainsi qu'\u00e0 une r\u00e9compense.<br>En cas de d\u00e9couverte dans une maison habit\u00e9e ou dans un \u00e9tablissement servant \u00e0 l'usage ou \u00e0 la circulation publics, le ma\u00eetre de maison, le locataire ou l'\u00e9tablissement est consid\u00e9r\u00e9 comme ayant trouv\u00e9 l'objet, mais n'a pas droit \u00e0 une r\u00e9mun\u00e9ration.<\/p>\n<p style=\"margin-right: 0px; margin-bottom: 20px; margin-left: 0px; padding: 0px; border: 0px; outline: 0px; background-image: initial; background-position: initial; background-size: initial; background-repeat: initial; background-attachment: initial; background-origin: initial; background-clip: initial;\"><u>Art. 69 Ordonnance sur les droits r\u00e9els<br><\/u><span style=\"background-color: transparent; text-align: var(--text-align);\">La r\u00e9mun\u00e9ration de la personne qui a trouv\u00e9 l'objet s'\u00e9l\u00e8ve \u00e0 10 % de la valeur de l'objet trouv\u00e9.<\/span><\/p>\n<\/li>\n<\/ul>\t\t\t\t\t\t\t\t<\/div>\n\t\t\t\t<\/div>\n\t\t\t\t<\/div>\n\t\t<div class=\"elementor-element elementor-element-e7d2489 e-con-full e-flex e-con e-child\" data-id=\"e7d2489\" data-element_type=\"container\" data-e-type=\"container\">\n\t\t<div class=\"elementor-element elementor-element-5f68ff7 e-con-full e-flex e-con e-child\" data-id=\"5f68ff7\" data-element_type=\"container\" data-e-type=\"container\" data-settings=\"{&quot;background_background&quot;:&quot;classic&quot;}\">\n\t\t\t\t<div class=\"elementor-element elementor-element-951953d elementor-widget__width-auto elementor-widget elementor-widget-text-editor\" data-id=\"951953d\" data-element_type=\"widget\" data-e-type=\"widget\" data-widget_type=\"text-editor.default\">\n\t\t\t\t<div class=\"elementor-widget-container\">\n\t\t\t\t\t\t\t\t\t<p>Informations pour les bureaux des objets trouv\u00e9s<\/p>\t\t\t\t\t\t\t\t<\/div>\n\t\t\t\t<\/div>\n\t\t\t\t<div class=\"elementor-element elementor-element-664e95b elementor-widget elementor-widget-button\" data-id=\"664e95b\" data-element_type=\"widget\" data-e-type=\"widget\" data-widget_type=\"button.default\">\n\t\t\t\t<div class=\"elementor-widget-container\">\n\t\t\t\t\t\t\t\t\t<div class=\"elementor-button-wrapper\">\n\t\t\t\t\t<a class=\"elementor-button elementor-button-link elementor-size-sm\" href=\"https:\/\/www.easyfind.ch\/fr\/nova-find\/\">\n\t\t\t\t\t\t<span class=\"elementor-button-content-wrapper\">\n\t\t\t\t\t\t<span class=\"elementor-button-icon\">\n\t\t\t\t<svg xmlns=\"http:\/\/www.w3.org\/2000\/svg\" tabindex=\"0\" viewbox=\"0 0 15.944 14.981\"><path d=\"M.75 6.741h14.444a.75.75 0 0 1 .75.75.75.75 0 0 1-.75.75H.75a.75.75 0 0 1-.75-.75.75.75 0 0 1 .75-.75Z\" class=\"a\"><\/path><path d=\"M8.453.001a.748.748 0 0 1 .53.22l6.741 6.74a.75.75 0 0 1 0 1.061l-6.74 6.74a.75.75 0 0 1-1.061 0 .75.75 0 0 1 0-1.061l6.21-6.21-6.21-6.21a.75.75 0 0 1 .53-1.28Z\" class=\"a\"><\/path><\/svg>\t\t\t<\/span>\n\t\t\t\t\t\t\t\t\t<span class=\"elementor-button-text\">Lire la suite<\/span>\n\t\t\t\t\t<\/span>\n\t\t\t\t\t<\/a>\n\t\t\t\t<\/div>\n\t\t\t\t\t\t\t\t<\/div>\n\t\t\t\t<\/div>\n\t\t\t\t<\/div>\n\t\t\t\t<\/div>\n\t\t\t\t\t<\/div>\n\t\t\t\t<\/div>\n\t\t<div class=\"elementor-element elementor-element-fd8923c e-flex e-con-boxed e-con e-parent\" data-id=\"fd8923c\" data-element_type=\"container\" data-e-type=\"container\" data-settings=\"{&quot;background_background&quot;:&quot;classic&quot;}\">\n\t\t\t\t\t<div class=\"e-con-inner\">\n\t\t\t\t<div class=\"elementor-element elementor-element-4b2db7e elementor-widget elementor-widget-heading\" data-id=\"4b2db7e\" data-element_type=\"widget\" data-e-type=\"widget\" data-widget_type=\"heading.default\">\n\t\t\t\t<div class=\"elementor-widget-container\">\n\t\t\t\t\t<h2 class=\"elementor-heading-title elementor-size-default\">Les bureaux des objets trouv\u00e9s pr\u00e8s de chez vous<\/h2>\t\t\t\t<\/div>\n\t\t\t\t<\/div>\n\t\t\t\t<div class=\"elementor-element elementor-element-0f946b0 elementor-widget elementor-widget-google_maps\" data-id=\"0f946b0\" data-element_type=\"widget\" data-e-type=\"widget\" data-widget_type=\"google_maps.default\">\n\t\t\t\t<div class=\"elementor-widget-container\">\n\t\t\t\t\t\t\t<div class=\"elementor-custom-embed\">\n\t\t\t<iframe loading=\"lazy\"\n\t\t\t\t\tsrc=\"https:\/\/maps.google.com\/maps?q=Fundamt&#038;t=m&#038;z=10&#038;output=embed&#038;iwloc=near\"\n\t\t\t\t\ttitle=\"Service des objets trouv\u00e9s\"\n\t\t\t\t\taria-label=\"Service des objets trouv\u00e9s\"\n\t\t\t><\/iframe>\n\t\t<\/div>\n\t\t\t\t\t\t<\/div>\n\t\t\t\t<\/div>\n\t\t\t\t\t<\/div>\n\t\t\t\t<\/div>\n\t\t\t\t<\/div>","protected":false},"excerpt":{"rendered":"<p>Anderen Gegenstand gefunden? Sie haben etwas gefunden und m\u00f6chten daf\u00fcr sorgen, dass der\/die Eigent\u00fcmer:in es schnell zur\u00fcckbekommt? So funktioniert\u2019s: Liefert der gefundene Gegenstand keinen Hinweis auf den\/die Eigent\u00fcmer:in, geben Sie diesen beim n\u00e4chstgelegenen Fundb\u00fcro oder der Polizei ab. Haben Sie den Gegenstand in einem bewohnten Haus oder in einer dem \u00f6ffentlichen Gebrauch oder Verkehr dienenden [&hellip;]<\/p>\n","protected":false},"author":1,"featured_media":0,"parent":0,"menu_order":0,"comment_status":"closed","ping_status":"closed","template":"elementor_header_footer","meta":{"footnotes":""},"class_list":["post-706","page","type-page","status-publish","hentry"],"_links":{"self":[{"href":"https:\/\/www.easyfind.ch\/fr\/wp-json\/wp\/v2\/pages\/706","targetHints":{"allow":["GET"]}}],"collection":[{"href":"https:\/\/www.easyfind.ch\/fr\/wp-json\/wp\/v2\/pages"}],"about":[{"href":"https:\/\/www.easyfind.ch\/fr\/wp-json\/wp\/v2\/types\/page"}],"author":[{"embeddable":true,"href":"https:\/\/www.easyfind.ch\/fr\/wp-json\/wp\/v2\/users\/1"}],"replies":[{"embeddable":true,"href":"https:\/\/www.easyfind.ch\/fr\/wp-json\/wp\/v2\/comments?post=706"}],"version-history":[{"count":30,"href":"https:\/\/www.easyfind.ch\/fr\/wp-json\/wp\/v2\/pages\/706\/revisions"}],"predecessor-version":[{"id":1700,"href":"https:\/\/www.easyfind.ch\/fr\/wp-json\/wp\/v2\/pages\/706\/revisions\/1700"}],"wp:attachment":[{"href":"https:\/\/www.easyfind.ch\/fr\/wp-json\/wp\/v2\/media?parent=706"}],"curies":[{"name":"wp","href":"https:\/\/api.w.org\/{rel}","templated":true}]}}