{"id":1546,"date":"2024-07-17T10:04:23","date_gmt":"2024-07-17T08:04:23","guid":{"rendered":"https:\/\/www.easyfind.ch\/?page_id=1546"},"modified":"2024-07-17T10:07:02","modified_gmt":"2024-07-17T08:07:02","slug":"easyfind-ch-e-stato-aggiornato-2","status":"publish","type":"page","link":"https:\/\/www.easyfind.ch\/it\/easyfind-ch-wurde-aktualisiert\/","title":{"rendered":"easyfind.ch \u00e8 stato aggiornato!"},"content":{"rendered":"<div data-elementor-type=\"wp-page\" data-elementor-id=\"1546\" class=\"elementor elementor-1546\" data-elementor-post-type=\"page\">\n\t\t\t\t<div class=\"elementor-element elementor-element-476ace7 e-flex e-con-boxed e-con e-parent\" data-id=\"476ace7\" data-element_type=\"container\" data-e-type=\"container\">\n\t\t\t\t\t<div class=\"e-con-inner\">\n\t\t\t\t<div class=\"elementor-element elementor-element-516bdd5 elementor-widget elementor-widget-text-editor\" data-id=\"516bdd5\" data-element_type=\"widget\" data-e-type=\"widget\" data-widget_type=\"text-editor.default\">\n\t\t\t\t<div class=\"elementor-widget-container\">\n\t\t\t\t\t\t\t\t\t<p>Salve,<\/p><p>Abbiamo modernizzato il servizio Oggetti smarriti Svizzera e aggiornato il sito web e le componenti tecniche. A causa di questa modifica del sistema, il link di cancellazione per le denunce di smarrimento create prima del 01.07.2024 purtroppo non pu\u00f2 pi\u00f9 essere supportato.<\/p><p>Tuttavia, anche le denunce di smarrimento vengono eseguite automaticamente e, dopo un determinato periodo di tempo, non vengono pi\u00f9 utilizzate per l'abbinamento con gli uffici oggetti smarriti.<\/p><p>Se avete gi\u00e0 creato una denuncia di sinistro utilizzando l'attuale pagina easyfind.ch, potete modificare, correggere o cancellare la vostra denuncia di sinistro in qualsiasi momento utilizzando il link che vi \u00e8 stato inviato.<\/p><p>Cordiali saluti<\/p><p>Il team di easyfind.ch<\/p>\t\t\t\t\t\t\t\t<\/div>\n\t\t\t\t<\/div>\n\t\t\t\t\t<\/div>\n\t\t\t\t<\/div>\n\t\t\t\t<\/div>","protected":false},"excerpt":{"rendered":"<p>Guten Tag, Wir haben das Fundservice Schweiz modernisiert und die Webseite und technische Komponenten auf den neuesten Stand gebracht. Aufgrund dieser Systemumstellung kann leider der Stornieren-Link f\u00fcr Verlustmeldungen, die vor dem 01.07.2024 erstellt wurden, nicht mehr unterst\u00fctzt werden. Verlustmeldungen laufen jedoch auch automatisch ab und werden nach einem definierten Zeitraum nicht mehr f\u00fcr den Trefferabgleich [&hellip;]<\/p>\n","protected":false},"author":1,"featured_media":0,"parent":0,"menu_order":0,"comment_status":"closed","ping_status":"closed","template":"","meta":{"footnotes":""},"class_list":["post-1546","page","type-page","status-publish","hentry"],"_links":{"self":[{"href":"https:\/\/www.easyfind.ch\/it\/wp-json\/wp\/v2\/pages\/1546","targetHints":{"allow":["GET"]}}],"collection":[{"href":"https:\/\/www.easyfind.ch\/it\/wp-json\/wp\/v2\/pages"}],"about":[{"href":"https:\/\/www.easyfind.ch\/it\/wp-json\/wp\/v2\/types\/page"}],"author":[{"embeddable":true,"href":"https:\/\/www.easyfind.ch\/it\/wp-json\/wp\/v2\/users\/1"}],"replies":[{"embeddable":true,"href":"https:\/\/www.easyfind.ch\/it\/wp-json\/wp\/v2\/comments?post=1546"}],"version-history":[{"count":5,"href":"https:\/\/www.easyfind.ch\/it\/wp-json\/wp\/v2\/pages\/1546\/revisions"}],"predecessor-version":[{"id":1551,"href":"https:\/\/www.easyfind.ch\/it\/wp-json\/wp\/v2\/pages\/1546\/revisions\/1551"}],"wp:attachment":[{"href":"https:\/\/www.easyfind.ch\/it\/wp-json\/wp\/v2\/media?parent=1546"}],"curies":[{"name":"wp","href":"https:\/\/api.w.org\/{rel}","templated":true}]}}