{"id":382,"date":"2022-06-09T21:58:21","date_gmt":"2022-06-09T19:58:21","guid":{"rendered":"https:\/\/www.easyfind.ch\/?page_id=382"},"modified":"2022-06-11T13:09:43","modified_gmt":"2022-06-11T11:09:43","slug":"condizioni-di-utilizzo-2","status":"publish","type":"page","link":"https:\/\/www.easyfind.ch\/it\/nutzungsbedingungen\/","title":{"rendered":"Termini e condizioni d'uso"},"content":{"rendered":"<h2 class=\"wp-block-heading\">\u00a71 Ambito di applicazione e conclusione del contratto<\/h2>\n\n\n\n<p>L\u2019operatore del sito web&nbsp;<a href=\"https:\/\/www.easyfind.ch\/\">https:\/\/www.easyfind.ch\/<\/a>&nbsp;(in seguito denominato \u201csito web\u201d) \u00e8 RUBICON IT GmbH, Gonzagagasse 16, A-1010 Vienna (in seguito denominato \u201coperatore\u201d).<\/p>\n\n\n\n<p>L\u2019uso del sito web \u00e8 soggetto a queste condizioni d\u2019uso. Utilizzando il sito web, l\u2019utente accetta questi termini e condizioni.<\/p>\n\n\n\n<h2 class=\"wp-block-heading\"><strong>\u00a72 Restrizioni d\u2019uso<\/strong><\/h2>\n\n\n\n<p>La copia, la modifica, la distribuzione la riproduzione pubblica o qualsiasi altra forma di utilizzo del contenuto di questo sito web per scopi commerciali \u00e8 vietata. \u00c8 anche vietato estrarre le informazioni, i dati e le applicazioni recuperabili utilizzando sistemi automatici o software automatizzati e distribuire, affittare, trasmettere a terzi o utilizzare in dati in qualsiasi altro modo per scopi commerciali. Inoltre, \u00e8 vietato qualsiasi accesso al contenuto del sito web che non sa effettuato tramite l\u2019interfaccia utente del sito web.<\/p>\n\n\n\n<p>In caso di violazione di queste condizioni d\u2019uso, soprattutto in caso di abuso del sito web, l\u2019accesso pu\u00f2 essere limitato o completamente bloccato dal gestore. L\u2019operatore si riserva il diritto di far valere i suoi diritti.<\/p>\n\n\n\n<h2 class=\"wp-block-heading\"><strong>\u00a73 Responsabilit\u00e0<\/strong><\/h2>\n\n\n\n<p>L\u2019operatore non si assume alcuna responsabilit\u00e0 per la completezza, l\u2019accuratezza e l\u2019attualit\u00e0 delle informazioni fornite e si riserva il diritto di limitare la disponibilit\u00e0 del sito web. La responsabilit\u00e0 dell\u2019operatore \u00e8 esclusa nella misura consentita dalla legge.<\/p>\n\n\n\n<h2 class=\"wp-block-heading\"><strong>\u00a74 Clausole finali<\/strong><\/h2>\n\n\n\n<p>L\u2019operatore si riserva il diritto di apportare miglioramenti o modifiche a queste condizioni d\u2019uso in qualsiasi momento e senza preavviso.<\/p>\n\n\n\n<p>Se una qualsiasi disposizione di queste condizioni d\u2019uso \u00e8 o diventa non valida, ci\u00f2 non pregiudica la validit\u00e0 o l\u2019applicabilit\u00e0 di tutte le altre disposizioni. In questo caso, la disposizione non valida \u00e8 sostituita da una disposizione il cui contenuto economico si avvicina di pi\u00f9 a quella disposizione.<\/p>\n\n\n\n<p>Il diritto austriaco si applica esclusivamente ad esclusione delle norme sul conflitto di leggi. L\u2019applicazione della Convenzione delle Nazioni Unite sui contratti di vendita internazionale di beni \u00e8 espressamente esclusa.<\/p>\n\n\n\n<p>Per le controversie che sorgono in relazione a questi termini e condizioni, il luogo di giurisdizione \u00e8 Vienna, a condizione che non si tratti di una transazione di consumo ai sensi delle disposizioni applicabili in materia di protezione dei consumatori.<\/p>\n\n\n\n<p>Stato: Gennaio 2021<\/p>","protected":false},"excerpt":{"rendered":"<p>\u00a71 Anwendungsbereich und Vertragsabschluss Der Betreiber der Webseite&nbsp;https:\/\/www.easyfind.ch\/&nbsp;(weiter als \u201eWebseite\u201c bezeichnet) ist RUBICON IT GmbH, Gonzagagasse 16, A-1010 Wien (weiter als \u201eBetreiber\u201c bezeichnet). Die Nutzung der Webseite unterliegt diesen Nutzungsbedingungen. Mit der Nutzung der Webseite erkl\u00e4ren Sie sich mit dem Inhalt dieser Bedingungen einverstanden. \u00a72 Nutzungsbeschr\u00e4nkungen Die Vervielf\u00e4ltigung, Bearbeitung, Verbreitung, \u00f6ffentliche Wiedergabe oder jede sonstige [&hellip;]<\/p>\n","protected":false},"author":1,"featured_media":0,"parent":0,"menu_order":0,"comment_status":"closed","ping_status":"closed","template":"","meta":{"footnotes":""},"class_list":["post-382","page","type-page","status-publish","hentry"],"_links":{"self":[{"href":"https:\/\/www.easyfind.ch\/it\/wp-json\/wp\/v2\/pages\/382","targetHints":{"allow":["GET"]}}],"collection":[{"href":"https:\/\/www.easyfind.ch\/it\/wp-json\/wp\/v2\/pages"}],"about":[{"href":"https:\/\/www.easyfind.ch\/it\/wp-json\/wp\/v2\/types\/page"}],"author":[{"embeddable":true,"href":"https:\/\/www.easyfind.ch\/it\/wp-json\/wp\/v2\/users\/1"}],"replies":[{"embeddable":true,"href":"https:\/\/www.easyfind.ch\/it\/wp-json\/wp\/v2\/comments?post=382"}],"version-history":[{"count":0,"href":"https:\/\/www.easyfind.ch\/it\/wp-json\/wp\/v2\/pages\/382\/revisions"}],"wp:attachment":[{"href":"https:\/\/www.easyfind.ch\/it\/wp-json\/wp\/v2\/media?parent=382"}],"curies":[{"name":"wp","href":"https:\/\/api.w.org\/{rel}","templated":true}]}}