{"id":461,"date":"2022-06-10T12:53:42","date_gmt":"2022-06-10T10:53:42","guid":{"rendered":"https:\/\/www.easyfind.ch\/?page_id=461"},"modified":"2024-02-28T09:42:46","modified_gmt":"2024-02-28T08:42:46","slug":"legge-sui-fondi-2","status":"publish","type":"page","link":"https:\/\/www.easyfind.ch\/it\/fundrecht\/","title":{"rendered":"il Codice civile svizzero."},"content":{"rendered":"<div data-elementor-type=\"wp-page\" data-elementor-id=\"461\" class=\"elementor elementor-461\" data-elementor-post-type=\"page\">\n\t\t\t\t<div class=\"elementor-element elementor-element-306a87c6 e-flex e-con-boxed e-con e-parent\" data-id=\"306a87c6\" data-element_type=\"container\" data-e-type=\"container\">\n\t\t\t\t\t<div class=\"e-con-inner\">\n\t\t\t\t<div class=\"elementor-element elementor-element-4868d54c elementor-widget elementor-widget-text-editor\" data-id=\"4868d54c\" data-element_type=\"widget\" data-e-type=\"widget\" data-widget_type=\"text-editor.default\">\n\t\t\t\t<div class=\"elementor-widget-container\">\n\t\t\t\t\t\t\t\t\t<h2 style=\"font-weight: 400;\"><strong>Codice civile svizzero<\/strong><\/h2><p>\u00a0<\/p><p style=\"font-weight: 400;\"><strong>Fondo ZGB Art. 720<\/strong><\/p><ol style=\"font-weight: 400;\"><li>Chiunque ritrovi un oggetto smarrito deve avvisare il proprietario e, se non lo conosce, deve denunciare il ritrovamento alla polizia o assicurarsi che le circostanze siano rese pubbliche e indagate in modo appropriato.<\/li><li>\u00c8 obbligato a denunciare l'infrazione alla polizia se il valore dell'oggetto supera ovviamente i 10 franchi.<\/li><li>Chiunque trovi un oggetto in una casa abitata o in un locale di uso o traffico pubblico deve consegnarlo al padrone di casa, all'inquilino o alle persone incaricate della sua sorveglianza.<\/li><\/ol><p>\u00a0<\/p><p style=\"font-weight: 400;\"><strong>ZGB Art. 722 Acquisizione di propriet\u00e0, cessione<\/strong><\/p><ol style=\"font-weight: 400;\"><li>Chiunque adempia ai propri obblighi di procacciatore acquisisce la propriet\u00e0 dell'immobile per cinque anni dalla data di pubblicazione o notifica.<\/li><li>Se l'oggetto viene restituito, il cercatore ha diritto al rimborso di tutte le spese e a una commissione adeguata.<\/li><li>Se l'oggetto viene ritrovato in una casa abitata o in un locale di uso o traffico pubblico, il proprietario della casa, l'affittuario o il locale \u00e8 considerato il ritrovatore, ma non ha diritto a un compenso per il ritrovamento.<\/li><\/ol><p>\u00a0<\/p><p style=\"font-weight: 400;\"><strong>Ordinanza sul trasporto di passeggeri Art. 77<\/strong><\/p><p style=\"font-weight: 400;\"><strong style=\"text-align: var(--text-align); font-family: var( --e-global-typography-text-font-family ), Sans-serif;\">Sezione 3: Oggetti smarriti<\/strong><\/p><ol style=\"font-weight: 400;\"><li>Chiunque trovi un oggetto smarrito nei locali dell'azienda o in un veicolo deve consegnarlo immediatamente al personale.<\/li><li>La societ\u00e0 \u00e8 considerata il procacciatore, ma non pu\u00f2 richiedere una commissione per il procacciatore.<\/li><li>L'azienda deve avvisare la persona che ha smarrito l'oggetto, se la conosce, e conservare l'oggetto smarrito in modo appropriato.<\/li><li>Dopo aver conservato l'oggetto smarrito per tre mesi, l'azienda pu\u00f2 metterlo all'asta. L'asta deve essere pubblicizzata. Gli oggetti smarriti con un valore attuale non superiore a 50 franchi possono essere messi all'asta o venduti a trattativa privata dopo un mese. Il ricavato sostituisce l'oggetto.<\/li><li>Gli oggetti smarriti che richiedono una manutenzione costosa o sono soggetti a un rapido deterioramento possono essere venduti immediatamente. Il ricavato prende il posto dell'oggetto.<\/li><\/ol><p>\u00a0<\/p><p style=\"font-weight: 400;\"><strong>Ordinanza sui documenti d'identit\u00e0 dei cittadini svizzeri<\/strong><\/p><p style=\"font-weight: 400;\"><strong>Art. 24 Documenti d'identit\u00e0 smarriti e recuperati<\/strong><\/p><ol style=\"font-weight: 400;\"><li>Lo smarrimento di una carta d'identit\u00e0 ai sensi dell'articolo 22 la rende nulla. La carta d'identit\u00e0 non pu\u00f2 pi\u00f9 essere utilizzata.<\/li><li>Una carta d'identit\u00e0 ritrovata non pu\u00f2 essere restituita, ma deve essere consegnata all'autorit\u00e0 che l'ha rilasciata. Ci\u00f2 la render\u00e0 inutilizzabile.<\/li><\/ol><p style=\"font-weight: 400;\">\u00a0<\/p><p style=\"font-weight: 400;\">Nota: il titolare di una carta d'identit\u00e0 deve denunciare lo smarrimento della carta alla polizia locale non appena ne viene a conoscenza. La perdita della carta d'identit\u00e0 (furto, smarrimento o distruzione completa) la rende nulla.<\/p>\t\t\t\t\t\t\t\t<\/div>\n\t\t\t\t<\/div>\n\t\t\t\t\t<\/div>\n\t\t\t\t<\/div>\n\t\t\t\t<\/div>","protected":false},"excerpt":{"rendered":"<p>Schweizerisches Zivilgesetzbuch \u00a0 ZGB Art. 720 Fund Wer eine verlorene Sache findet, hat den Eigent\u00fcmer davon zu benachrichtigen und, wenn er ihn nicht kennt, entweder der Polizei den Fund anzuzeigen oder selbst f\u00fcr eine den Umst\u00e4nden angemessene Bekanntmachung und Nachfrage zu sorgen. Zur Anzeige an die Polizei ist er verpflichtet, wenn der Wert der Sache [&hellip;]<\/p>\n","protected":false},"author":1,"featured_media":0,"parent":0,"menu_order":0,"comment_status":"closed","ping_status":"closed","template":"","meta":{"footnotes":""},"class_list":["post-461","page","type-page","status-publish","hentry"],"_links":{"self":[{"href":"https:\/\/www.easyfind.ch\/it\/wp-json\/wp\/v2\/pages\/461","targetHints":{"allow":["GET"]}}],"collection":[{"href":"https:\/\/www.easyfind.ch\/it\/wp-json\/wp\/v2\/pages"}],"about":[{"href":"https:\/\/www.easyfind.ch\/it\/wp-json\/wp\/v2\/types\/page"}],"author":[{"embeddable":true,"href":"https:\/\/www.easyfind.ch\/it\/wp-json\/wp\/v2\/users\/1"}],"replies":[{"embeddable":true,"href":"https:\/\/www.easyfind.ch\/it\/wp-json\/wp\/v2\/comments?post=461"}],"version-history":[{"count":10,"href":"https:\/\/www.easyfind.ch\/it\/wp-json\/wp\/v2\/pages\/461\/revisions"}],"predecessor-version":[{"id":1398,"href":"https:\/\/www.easyfind.ch\/it\/wp-json\/wp\/v2\/pages\/461\/revisions\/1398"}],"wp:attachment":[{"href":"https:\/\/www.easyfind.ch\/it\/wp-json\/wp\/v2\/media?parent=461"}],"curies":[{"name":"wp","href":"https:\/\/api.w.org\/{rel}","templated":true}]}}