{"id":626,"date":"2022-06-11T16:30:00","date_gmt":"2022-06-11T14:30:00","guid":{"rendered":"https:\/\/www.easyfind.ch\/?page_id=626"},"modified":"2022-11-07T08:56:41","modified_gmt":"2022-11-07T07:56:41","slug":"accessibilita-2","status":"publish","type":"page","link":"https:\/\/www.easyfind.ch\/it\/barrierefreiheit\/","title":{"rendered":"Accessibilit\u00e0"},"content":{"rendered":"<h2 class=\"wp-block-heading\"><strong>Dichiarazione sull'accessibilit\u00e0<\/strong><\/h2>\n\n\n\n<p>Ci impegniamo a rendere accessibile il nostro sito web in conformit\u00e0 con la legislazione nazionale che attua la direttiva (UE) 2016\/2102 del Parlamento europeo e del Consiglio.<\/p>\n\n\n\n<p>Questa dichiarazione di accessibilit\u00e0 si applica al sito web <a href=\"https:\/\/www.easyfind.ch\">https:\/\/www.easyfind.ch<\/a>.<\/p>\n\n\n\n<h2 class=\"wp-block-heading\"><strong>Stato di compatibilit\u00e0 con i requisiti<\/strong><\/h2>\n\n\n\n<p>Questo sito web \u00e8 pienamente conforme al livello di conformit\u00e0 AA delle \"Linee guida per l'accessibilit\u00e0 dei contenuti web - WCAG 2.1\" o allo standard europeo applicabile ai sensi della Direttiva (UE) 2016\/2102 del Parlamento europeo e del Consiglio.<\/p>\n\n\n\n<h2 class=\"wp-block-heading\"><strong>Preparazione della presente Dichiarazione di accessibilit\u00e0<\/strong><\/h2>\n\n\n\n<p>Questa dichiarazione \u00e8 stata redatta l'11.6.2022.<\/p>\n\n\n\n<p>La dichiarazione \u00e8 stata redatta sulla base di un'autovalutazione effettuata da RUBICON IT GmbH.<\/p>\n\n\n\n<p>La dichiarazione \u00e8 stata rivista l'ultima volta l'11.6.2022.<\/p>\n\n\n\n<h2 class=\"wp-block-heading\"><strong>Feedback e contatti<\/strong><\/h2>\n\n\n\n<p>e-mail&nbsp;<a href=\"mailto:contact@nova-find.eu\">contact@nova-find.eu<\/a><\/p>\n\n\n\n<h2 class=\"wp-block-heading\"><\/h2>","protected":false},"excerpt":{"rendered":"<p>Erkl\u00e4rung zur Barrierefreiheit Wir sind bem\u00fcht, unsere Website im Einklang mit den nationalen Rechtsvorschriften zur Umsetzung der Richtlinie (EU) 2016\/2102 des Europ\u00e4ischen Parlaments und des Rates barrierefrei zug\u00e4nglich zu machen. Diese Erkl\u00e4rung zur Barrierefreiheit gilt f\u00fcr die Website https:\/\/www.easyfind.ch. Stand der Vereinbarkeit mit den Anforderungen Diese Website ist mit der Konformit\u00e4tsstufe AA der \u201eRichtlinien f\u00fcr [&hellip;]<\/p>\n","protected":false},"author":1,"featured_media":0,"parent":0,"menu_order":0,"comment_status":"closed","ping_status":"closed","template":"","meta":{"footnotes":""},"class_list":["post-626","page","type-page","status-publish","hentry"],"_links":{"self":[{"href":"https:\/\/www.easyfind.ch\/it\/wp-json\/wp\/v2\/pages\/626","targetHints":{"allow":["GET"]}}],"collection":[{"href":"https:\/\/www.easyfind.ch\/it\/wp-json\/wp\/v2\/pages"}],"about":[{"href":"https:\/\/www.easyfind.ch\/it\/wp-json\/wp\/v2\/types\/page"}],"author":[{"embeddable":true,"href":"https:\/\/www.easyfind.ch\/it\/wp-json\/wp\/v2\/users\/1"}],"replies":[{"embeddable":true,"href":"https:\/\/www.easyfind.ch\/it\/wp-json\/wp\/v2\/comments?post=626"}],"version-history":[{"count":1,"href":"https:\/\/www.easyfind.ch\/it\/wp-json\/wp\/v2\/pages\/626\/revisions"}],"predecessor-version":[{"id":1144,"href":"https:\/\/www.easyfind.ch\/it\/wp-json\/wp\/v2\/pages\/626\/revisions\/1144"}],"wp:attachment":[{"href":"https:\/\/www.easyfind.ch\/it\/wp-json\/wp\/v2\/media?parent=626"}],"curies":[{"name":"wp","href":"https:\/\/api.w.org\/{rel}","templated":true}]}}