{"id":706,"date":"2022-06-11T16:47:25","date_gmt":"2022-06-11T14:47:25","guid":{"rendered":"https:\/\/www.easyfind.ch\/?page_id=706"},"modified":"2025-01-07T09:40:34","modified_gmt":"2025-01-07T08:40:34","slug":"trovato-qualcosa-2","status":"publish","type":"page","link":"https:\/\/www.easyfind.ch\/it\/etwas-gefunden\/","title":{"rendered":"Trovato qualcosa"},"content":{"rendered":"<div data-elementor-type=\"wp-page\" data-elementor-id=\"706\" class=\"elementor elementor-706\" data-elementor-post-type=\"page\">\n\t\t\t\t<div class=\"elementor-element elementor-element-0f6a41c e-flex e-con-boxed e-con e-parent\" data-id=\"0f6a41c\" data-element_type=\"container\" data-e-type=\"container\">\n\t\t\t\t\t<div class=\"e-con-inner\">\n\t\t<div class=\"elementor-element elementor-element-a3200c2 e-con-full e-flex e-con e-child\" data-id=\"a3200c2\" data-element_type=\"container\" data-e-type=\"container\">\n\t\t\t\t<div class=\"elementor-element elementor-element-d177d80 elementor-widget elementor-widget-heading\" data-id=\"d177d80\" data-element_type=\"widget\" data-e-type=\"widget\" data-widget_type=\"heading.default\">\n\t\t\t\t<div class=\"elementor-widget-container\">\n\t\t\t\t\t<h2 class=\"elementor-heading-title elementor-size-default\">Avete trovato un oggetto?<\/h2>\t\t\t\t<\/div>\n\t\t\t\t<\/div>\n\t\t\t\t<div class=\"elementor-element elementor-element-38fb340 elementor-widget elementor-widget-text-editor\" data-id=\"38fb340\" data-element_type=\"widget\" data-e-type=\"widget\" data-widget_type=\"text-editor.default\">\n\t\t\t\t<div class=\"elementor-widget-container\">\n\t\t\t\t\t\t\t\t\t<p><b>Avete trovato qualcosa e volete assicurarvi che il proprietario lo recupera rapidamente? Ecco come funziona:<\/b><\/p>\n<ul>\n<li>Se l'oggetto ritrovato non indica il proprietario, consegnatelo all'ufficio oggetti smarriti pi\u00f9 vicino o alla polizia.<\/li>\n<li>Se avete trovato l'oggetto in una casa abitata o in un'istituzione di uso o traffico pubblico, consegnate il reperto al proprietario della casa o alle persone incaricate della sua sorveglianza.<\/li>\n<li>Se trovate oggetti sui treni, nelle stazioni o nelle fermate, consegnateli al personale delle ferrovie (ad es. FFS) o alla societ\u00e0 di trasporti competente.<\/li>\n<li>Le esatte disposizioni di legge sono riportate nel Codice Civile, al seguente indirizzo<a href=\"https:\/\/www.fedlex.admin.ch\/eli\/cc\/24\/233_245_233\/it\" target=\"_blank\" rel=\"noopener\"> Art. 720&nbsp;<\/a>leggere.\n<p><b><br>Per il Liechtenstein, ai procacciatori si applicano le seguenti leggi:<\/b><\/p>\n<p style=\"margin-right: 0px; margin-bottom: 20px; margin-left: 0px; padding: 0px; border: 0px; outline: 0px; background-image: initial; background-position: initial; background-size: initial; background-repeat: initial; background-attachment: initial; background-origin: initial; background-clip: initial;\"><u>Art. 191 Diritto di propriet\u00e0<br><\/u><span style=\"background-color: transparent; text-align: var(--text-align);\">Se non \u00e8 possibile determinare il proprietario di un oggetto smarrito, il ritrovatore lo acquisisce dopo cinque anni.<\/span><\/p>\n<p style=\"margin-right: 0px; margin-bottom: 20px; margin-left: 0px; padding: 0px; border: 0px; outline: 0px; background-image: initial; background-position: initial; background-size: initial; background-repeat: initial; background-attachment: initial; background-origin: initial; background-clip: initial;\">Se l'oggetto viene restituito al proprietario, il ritrovatore ha diritto a un risarcimento per tutte le spese e a una ricompensa.<br>In caso di ritrovamento in una casa abitata o in un'istituzione che serve all'uso o al traffico pubblico, il proprietario della casa, l'affittuario o l'istituzione sono considerati il ritrovatore, ma non hanno diritto alla ricompensa del ritrovatore.<\/p>\n<p style=\"margin-right: 0px; margin-bottom: 20px; margin-left: 0px; padding: 0px; border: 0px; outline: 0px; background-image: initial; background-position: initial; background-size: initial; background-repeat: initial; background-attachment: initial; background-origin: initial; background-clip: initial;\"><u>Art. 69 Ordinanza sul diritto di propriet\u00e0<br><\/u><span style=\"background-color: transparent; text-align: var(--text-align);\">La commissione per il ritrovamento \u00e8 pari al 10% del valore dell'oggetto smarrito.<\/span><\/p>\n<\/li>\n<\/ul>\t\t\t\t\t\t\t\t<\/div>\n\t\t\t\t<\/div>\n\t\t\t\t<\/div>\n\t\t<div class=\"elementor-element elementor-element-e7d2489 e-con-full e-flex e-con e-child\" data-id=\"e7d2489\" data-element_type=\"container\" data-e-type=\"container\">\n\t\t<div class=\"elementor-element elementor-element-5f68ff7 e-con-full e-flex e-con e-child\" data-id=\"5f68ff7\" data-element_type=\"container\" data-e-type=\"container\" data-settings=\"{&quot;background_background&quot;:&quot;classic&quot;}\">\n\t\t\t\t<div class=\"elementor-element elementor-element-951953d elementor-widget__width-auto elementor-widget elementor-widget-text-editor\" data-id=\"951953d\" data-element_type=\"widget\" data-e-type=\"widget\" data-widget_type=\"text-editor.default\">\n\t\t\t\t<div class=\"elementor-widget-container\">\n\t\t\t\t\t\t\t\t\t<p>Informazioni per gli uffici oggetti smarriti<\/p>\t\t\t\t\t\t\t\t<\/div>\n\t\t\t\t<\/div>\n\t\t\t\t<div class=\"elementor-element elementor-element-664e95b elementor-widget elementor-widget-button\" data-id=\"664e95b\" data-element_type=\"widget\" data-e-type=\"widget\" data-widget_type=\"button.default\">\n\t\t\t\t<div class=\"elementor-widget-container\">\n\t\t\t\t\t\t\t\t\t<div class=\"elementor-button-wrapper\">\n\t\t\t\t\t<a class=\"elementor-button elementor-button-link elementor-size-sm\" href=\"https:\/\/www.easyfind.ch\/it\/nova-find\/\">\n\t\t\t\t\t\t<span class=\"elementor-button-content-wrapper\">\n\t\t\t\t\t\t<span class=\"elementor-button-icon\">\n\t\t\t\t<svg xmlns=\"http:\/\/www.w3.org\/2000\/svg\" tabindex=\"0\" viewbox=\"0 0 15.944 14.981\"><path d=\"M.75 6.741h14.444a.75.75 0 0 1 .75.75.75.75 0 0 1-.75.75H.75a.75.75 0 0 1-.75-.75.75.75 0 0 1 .75-.75Z\" class=\"a\"><\/path><path d=\"M8.453.001a.748.748 0 0 1 .53.22l6.741 6.74a.75.75 0 0 1 0 1.061l-6.74 6.74a.75.75 0 0 1-1.061 0 .75.75 0 0 1 0-1.061l6.21-6.21-6.21-6.21a.75.75 0 0 1 .53-1.28Z\" class=\"a\"><\/path><\/svg>\t\t\t<\/span>\n\t\t\t\t\t\t\t\t\t<span class=\"elementor-button-text\">Per saperne di pi\u00f9<\/span>\n\t\t\t\t\t<\/span>\n\t\t\t\t\t<\/a>\n\t\t\t\t<\/div>\n\t\t\t\t\t\t\t\t<\/div>\n\t\t\t\t<\/div>\n\t\t\t\t<\/div>\n\t\t\t\t<\/div>\n\t\t\t\t\t<\/div>\n\t\t\t\t<\/div>\n\t\t<div class=\"elementor-element elementor-element-fd8923c e-flex e-con-boxed e-con e-parent\" data-id=\"fd8923c\" data-element_type=\"container\" data-e-type=\"container\" data-settings=\"{&quot;background_background&quot;:&quot;classic&quot;}\">\n\t\t\t\t\t<div class=\"e-con-inner\">\n\t\t\t\t<div class=\"elementor-element elementor-element-4b2db7e elementor-widget elementor-widget-heading\" data-id=\"4b2db7e\" data-element_type=\"widget\" data-e-type=\"widget\" data-widget_type=\"heading.default\">\n\t\t\t\t<div class=\"elementor-widget-container\">\n\t\t\t\t\t<h2 class=\"elementor-heading-title elementor-size-default\">Uffici oggetti smarriti vicini a voi<\/h2>\t\t\t\t<\/div>\n\t\t\t\t<\/div>\n\t\t\t\t<div class=\"elementor-element elementor-element-0f946b0 elementor-widget elementor-widget-google_maps\" data-id=\"0f946b0\" data-element_type=\"widget\" data-e-type=\"widget\" data-widget_type=\"google_maps.default\">\n\t\t\t\t<div class=\"elementor-widget-container\">\n\t\t\t\t\t\t\t<div class=\"elementor-custom-embed\">\n\t\t\t<iframe loading=\"lazy\"\n\t\t\t\t\tsrc=\"https:\/\/maps.google.com\/maps?q=Fundamt&#038;t=m&#038;z=10&#038;output=embed&#038;iwloc=near\"\n\t\t\t\t\ttitle=\"Ufficio oggetti smarriti\"\n\t\t\t\t\taria-label=\"Ufficio oggetti smarriti\"\n\t\t\t><\/iframe>\n\t\t<\/div>\n\t\t\t\t\t\t<\/div>\n\t\t\t\t<\/div>\n\t\t\t\t\t<\/div>\n\t\t\t\t<\/div>\n\t\t\t\t<\/div>","protected":false},"excerpt":{"rendered":"<p>Anderen Gegenstand gefunden? Sie haben etwas gefunden und m\u00f6chten daf\u00fcr sorgen, dass der\/die Eigent\u00fcmer:in es schnell zur\u00fcckbekommt? So funktioniert\u2019s: Liefert der gefundene Gegenstand keinen Hinweis auf den\/die Eigent\u00fcmer:in, geben Sie diesen beim n\u00e4chstgelegenen Fundb\u00fcro oder der Polizei ab. Haben Sie den Gegenstand in einem bewohnten Haus oder in einer dem \u00f6ffentlichen Gebrauch oder Verkehr dienenden [&hellip;]<\/p>\n","protected":false},"author":1,"featured_media":0,"parent":0,"menu_order":0,"comment_status":"closed","ping_status":"closed","template":"elementor_header_footer","meta":{"footnotes":""},"class_list":["post-706","page","type-page","status-publish","hentry"],"_links":{"self":[{"href":"https:\/\/www.easyfind.ch\/it\/wp-json\/wp\/v2\/pages\/706","targetHints":{"allow":["GET"]}}],"collection":[{"href":"https:\/\/www.easyfind.ch\/it\/wp-json\/wp\/v2\/pages"}],"about":[{"href":"https:\/\/www.easyfind.ch\/it\/wp-json\/wp\/v2\/types\/page"}],"author":[{"embeddable":true,"href":"https:\/\/www.easyfind.ch\/it\/wp-json\/wp\/v2\/users\/1"}],"replies":[{"embeddable":true,"href":"https:\/\/www.easyfind.ch\/it\/wp-json\/wp\/v2\/comments?post=706"}],"version-history":[{"count":30,"href":"https:\/\/www.easyfind.ch\/it\/wp-json\/wp\/v2\/pages\/706\/revisions"}],"predecessor-version":[{"id":1700,"href":"https:\/\/www.easyfind.ch\/it\/wp-json\/wp\/v2\/pages\/706\/revisions\/1700"}],"wp:attachment":[{"href":"https:\/\/www.easyfind.ch\/it\/wp-json\/wp\/v2\/media?parent=706"}],"curies":[{"name":"wp","href":"https:\/\/api.w.org\/{rel}","templated":true}]}}